{"id":12958,"date":"2023-11-04T01:38:14","date_gmt":"2023-11-04T00:38:14","guid":{"rendered":"http:\/\/innocentiemangonipiante.it\/ligustrum-ovalifolium\/"},"modified":"2023-11-06T15:06:25","modified_gmt":"2023-11-06T14:06:25","slug":"ligustrum-ovalifolium","status":"publish","type":"product","link":"https:\/\/innocentiemangonipiante.it\/fr\/ligustrum-ovalifolium\/","title":{"rendered":"LIGUSTRUM ovalifolium"},"content":{"rendered":"<p>Arbuste semipersistant, vigoureux, \u00e9rig\u00e9 avec feuilles ov\u00e9es de couleur vert intense jusqu\u2019\u00e0 6 cm de longueur. Vers la moiti\u00e9 de l\u2019\u00e9t\u00e9 il produit des fleurs blanches en \u00e9pis de 10 cm, apr\u00e8s des baies noires. Tr\u00e8s utilis\u00e9 pour haies.<\/p>\n","protected":false},"excerpt":{"rendered":"<p>Arbuste semipersistant, vigoureux, \u00e9rig\u00e9 avec feuilles ov\u00e9es de couleur vert intense jusqu\u2019\u00e0 6 cm de longueur. Vers la moiti\u00e9 de l\u2019\u00e9t\u00e9 il produit des fleurs blanches en \u00e9pis de 10 cm, apr\u00e8s des baies noires. Tr\u00e8s utilis\u00e9 pour haies.<\/p>\n","protected":false},"featured_media":3703,"template":"","meta":{"_acf_changed":false},"product_brand":[],"product_cat":[8817],"product_tag":[10897],"class_list":{"0":"post-12958","1":"product","2":"type-product","3":"status-publish","4":"has-post-thumbnail","6":"product_cat-arbres-et-arbustes-persistants","7":"product_tag-naturelle","8":"pa_altezza-massima-300-fr-2","9":"pa_altezza-massima-500-fr","10":"pa_colore-fioritura-blanc","11":"pa_condizionamento-clt-fr","12":"pa_famiglia-oleaceae-fr","13":"pa_genere-ligustrum-fr","14":"pa_inquinamento-resistance-a-la-pollution","15":"pa_origine-asie-orientale","16":"pa_periodo-fioritura-aout","17":"pa_periodo-fioritura-juillet","18":"pa_portamento-eretto-fr","19":"pa_profumo-intense-fr","20":"pa_resistenza-climatica-moyenne-elevee","21":"pa_resistenza-del-suolo-resistant-aux-sols-calcaires","22":"pa_resistenza-del-suolo-resistant-aux-sols-secs","23":"pa_salinita-resistance-a-la-salinisation","24":"pa_utilizzo-balcons","25":"pa_utilizzo-haies","26":"pa_utilizzo-petits-jardins","28":"first","29":"instock","30":"purchasable","31":"product-type-simple"},"acf":[],"_links":{"self":[{"href":"https:\/\/innocentiemangonipiante.it\/fr\/wp-json\/wp\/v2\/product\/12958","targetHints":{"allow":["GET"]}}],"collection":[{"href":"https:\/\/innocentiemangonipiante.it\/fr\/wp-json\/wp\/v2\/product"}],"about":[{"href":"https:\/\/innocentiemangonipiante.it\/fr\/wp-json\/wp\/v2\/types\/product"}],"wp:featuredmedia":[{"embeddable":true,"href":"https:\/\/innocentiemangonipiante.it\/fr\/wp-json\/wp\/v2\/media\/3703"}],"wp:attachment":[{"href":"https:\/\/innocentiemangonipiante.it\/fr\/wp-json\/wp\/v2\/media?parent=12958"}],"wp:term":[{"taxonomy":"product_brand","embeddable":true,"href":"https:\/\/innocentiemangonipiante.it\/fr\/wp-json\/wp\/v2\/product_brand?post=12958"},{"taxonomy":"product_cat","embeddable":true,"href":"https:\/\/innocentiemangonipiante.it\/fr\/wp-json\/wp\/v2\/product_cat?post=12958"},{"taxonomy":"product_tag","embeddable":true,"href":"https:\/\/innocentiemangonipiante.it\/fr\/wp-json\/wp\/v2\/product_tag?post=12958"}],"curies":[{"name":"wp","href":"https:\/\/api.w.org\/{rel}","templated":true}]}}