{"id":12959,"date":"2023-11-04T01:38:07","date_gmt":"2023-11-04T00:38:07","guid":{"rendered":"http:\/\/innocentiemangonipiante.it\/ligustrum-lucidum-excelsum-superbum\/"},"modified":"2023-11-06T15:06:21","modified_gmt":"2023-11-06T14:06:21","slug":"ligustrum-lucidum-excelsum-superbum","status":"publish","type":"product","link":"https:\/\/innocentiemangonipiante.it\/fr\/ligustrum-lucidum-excelsum-superbum\/","title":{"rendered":"LIGUSTRUM lucidum &lsquo;Excelsum Superbum&rsquo;"},"content":{"rendered":"<p>Arbre ou arbuste persistant, aux feuilles ov\u00e9es ou ovales de couleur vert brillant et aux bords jaunes. \u00c0 la fin de l\u2019\u00e9t\u00e9, s\u2019\u00e9panouissent des fleurs blanches en forme de panicules remplac\u00e9es ensuite par des fruits ovo\u00efdaux de couleur bleu-noir.<\/p>\n","protected":false},"excerpt":{"rendered":"<p>Arbre ou arbuste persistant, aux feuilles ov\u00e9es ou ovales de couleur vert brillant et aux bords jaunes. \u00c0 la fin de l\u2019\u00e9t\u00e9, s\u2019\u00e9panouissent des fleurs blanches en forme de panicules remplac\u00e9es ensuite par des fruits ovo\u00efdaux de couleur bleu-noir.<\/p>\n","protected":false},"featured_media":3697,"template":"","meta":{"_acf_changed":false},"product_brand":[],"product_cat":[8817],"product_tag":[10897,6255,8580,8400],"class_list":{"0":"post-12959","1":"product","2":"type-product","3":"status-publish","4":"has-post-thumbnail","6":"product_cat-arbres-et-arbustes-persistants","7":"product_tag-naturelle","8":"product_tag-demi-tige","9":"product_tag-demi-tige-espalier","10":"product_tag-tige","11":"pa_altezza-massima-800-fr","12":"pa_altezza-massima-1000-fr-2","13":"pa_colore-delle-foglie-panachees","14":"pa_colore-fioritura-blanc","15":"pa_condizionamento-clt-fr","16":"pa_condizionamento-motte","17":"pa_famiglia-oleaceae-fr","18":"pa_genere-ligustrum-fr","19":"pa_inquinamento-resistance-a-la-pollution","20":"pa_origine-asie-orientale","21":"pa_periodo-fioritura-aout","22":"pa_portamento-conico-fr","23":"pa_profumo-intense-fr","24":"pa_resistenza-climatica-moyenne-elevee","25":"pa_resistenza-del-suolo-resistant-aux-sols-calcaires","26":"pa_resistenza-del-suolo-resistant-aux-sols-secs","27":"pa_salinita-resistance-a-la-salinisation","28":"pa_utilizzo-balcons","29":"pa_utilizzo-haies","30":"pa_utilizzo-petits-jardins","32":"first","33":"instock","34":"purchasable","35":"product-type-simple"},"acf":[],"_links":{"self":[{"href":"https:\/\/innocentiemangonipiante.it\/fr\/wp-json\/wp\/v2\/product\/12959","targetHints":{"allow":["GET"]}}],"collection":[{"href":"https:\/\/innocentiemangonipiante.it\/fr\/wp-json\/wp\/v2\/product"}],"about":[{"href":"https:\/\/innocentiemangonipiante.it\/fr\/wp-json\/wp\/v2\/types\/product"}],"wp:featuredmedia":[{"embeddable":true,"href":"https:\/\/innocentiemangonipiante.it\/fr\/wp-json\/wp\/v2\/media\/3697"}],"wp:attachment":[{"href":"https:\/\/innocentiemangonipiante.it\/fr\/wp-json\/wp\/v2\/media?parent=12959"}],"wp:term":[{"taxonomy":"product_brand","embeddable":true,"href":"https:\/\/innocentiemangonipiante.it\/fr\/wp-json\/wp\/v2\/product_brand?post=12959"},{"taxonomy":"product_cat","embeddable":true,"href":"https:\/\/innocentiemangonipiante.it\/fr\/wp-json\/wp\/v2\/product_cat?post=12959"},{"taxonomy":"product_tag","embeddable":true,"href":"https:\/\/innocentiemangonipiante.it\/fr\/wp-json\/wp\/v2\/product_tag?post=12959"}],"curies":[{"name":"wp","href":"https:\/\/api.w.org\/{rel}","templated":true}]}}