{"id":12960,"date":"2023-11-04T01:37:50","date_gmt":"2023-11-04T00:37:50","guid":{"rendered":"http:\/\/innocentiemangonipiante.it\/ligustrum-japonicum\/"},"modified":"2023-11-06T15:06:07","modified_gmt":"2023-11-06T14:06:07","slug":"ligustrum-japonicum","status":"publish","type":"product","link":"https:\/\/innocentiemangonipiante.it\/fr\/ligustrum-japonicum\/","title":{"rendered":"LIGUSTRUM japonicum"},"content":{"rendered":"<p>Arbre ou arbuste persistant aux feuilles ov\u00e9es ou ovales de couleur vert brillant fonc\u00e9. \u00c0 la fin de l\u2019\u00e9t\u00e9, apparaissent des fleurs blanches en forme de panicules suivies ensuite de fruits ovo\u00efdaux d\u2019un bleu-noir.<\/p>\n","protected":false},"excerpt":{"rendered":"<p>Arbre ou arbuste persistant aux feuilles ov\u00e9es ou ovales de couleur vert brillant fonc\u00e9. \u00c0 la fin de l\u2019\u00e9t\u00e9, apparaissent des fleurs blanches en forme de panicules suivies ensuite de fruits ovo\u00efdaux d\u2019un bleu-noir.<\/p>\n","protected":false},"featured_media":3691,"template":"","meta":{"_acf_changed":false},"product_brand":[],"product_cat":[8817,9230],"product_tag":[10897,8497,8400,8424],"class_list":{"0":"post-12960","1":"product","2":"type-product","3":"status-publish","4":"has-post-thumbnail","6":"product_cat-arbres-et-arbustes-persistants","7":"product_cat-arbres-et-plantes-du-futur","8":"product_tag-naturelle","9":"product_tag-cepee-remontee","10":"product_tag-tige","11":"product_tag-tige-espalier","12":"pa_altezza-massima-800-fr","13":"pa_altezza-massima-1000-fr-2","14":"pa_colore-fioritura-blanc","15":"pa_condizionamento-clt-fr","16":"pa_condizionamento-vs-fr","17":"pa_condizionamento-motte","18":"pa_famiglia-oleaceae-fr","19":"pa_genere-ligustrum-fr","20":"pa_inquinamento-resistance-a-la-pollution","21":"pa_origine-asie-orientale","22":"pa_periodo-fioritura-aout","23":"pa_periodo-fioritura-juillet","24":"pa_periodo-fioritura-juin","25":"pa_portamento-eretto-fr","26":"pa_profumo-intense-fr","27":"pa_resistenza-climatica-moyenne-elevee","28":"pa_resistenza-del-suolo-resistant-aux-sols-calcaires","29":"pa_resistenza-del-suolo-resistant-aux-sols-secs","30":"pa_salinita-resistance-a-la-salinisation","31":"pa_utilizzo-balcons","32":"pa_utilizzo-haies","33":"pa_utilizzo-petits-jardins","35":"first","36":"instock","37":"purchasable","38":"product-type-simple"},"acf":[],"_links":{"self":[{"href":"https:\/\/innocentiemangonipiante.it\/fr\/wp-json\/wp\/v2\/product\/12960","targetHints":{"allow":["GET"]}}],"collection":[{"href":"https:\/\/innocentiemangonipiante.it\/fr\/wp-json\/wp\/v2\/product"}],"about":[{"href":"https:\/\/innocentiemangonipiante.it\/fr\/wp-json\/wp\/v2\/types\/product"}],"wp:featuredmedia":[{"embeddable":true,"href":"https:\/\/innocentiemangonipiante.it\/fr\/wp-json\/wp\/v2\/media\/3691"}],"wp:attachment":[{"href":"https:\/\/innocentiemangonipiante.it\/fr\/wp-json\/wp\/v2\/media?parent=12960"}],"wp:term":[{"taxonomy":"product_brand","embeddable":true,"href":"https:\/\/innocentiemangonipiante.it\/fr\/wp-json\/wp\/v2\/product_brand?post=12960"},{"taxonomy":"product_cat","embeddable":true,"href":"https:\/\/innocentiemangonipiante.it\/fr\/wp-json\/wp\/v2\/product_cat?post=12960"},{"taxonomy":"product_tag","embeddable":true,"href":"https:\/\/innocentiemangonipiante.it\/fr\/wp-json\/wp\/v2\/product_tag?post=12960"}],"curies":[{"name":"wp","href":"https:\/\/api.w.org\/{rel}","templated":true}]}}