{"id":12965,"date":"2023-11-04T01:40:21","date_gmt":"2023-11-04T00:40:21","guid":{"rendered":"http:\/\/innocentiemangonipiante.it\/liquidambar-styraciflua-red-star\/"},"modified":"2023-11-06T15:08:10","modified_gmt":"2023-11-06T14:08:10","slug":"liquidambar-styraciflua-red-star","status":"publish","type":"product","link":"https:\/\/innocentiemangonipiante.it\/fr\/liquidambar-styraciflua-red-star\/","title":{"rendered":"LIQUIDAMBAR styraciflua &lsquo;Red Star&rsquo;"},"content":{"rendered":"<p>Arbre \u00e0 feuille caduque \u00e0 croissance rapide. Les feuilles sont palm\u00e9es, profond\u00e9ment lob\u00e9es et de couleur verte qui virent au pourpre-orange en automne.<\/p>\n","protected":false},"excerpt":{"rendered":"<p>Arbre \u00e0 feuille caduque \u00e0 croissance rapide. Les feuilles sont palm\u00e9es, profond\u00e9ment lob\u00e9es et de couleur verte qui virent au pourpre-orange en automne.<\/p>\n","protected":false},"featured_media":3744,"template":"","meta":{"_acf_changed":false},"product_brand":[],"product_cat":[8812],"product_tag":[10897,8596,8400],"class_list":{"0":"post-12965","1":"product","2":"type-product","3":"status-publish","4":"has-post-thumbnail","6":"product_cat-arbres-et-arbustes-a-feuilles-caduques","7":"product_tag-naturelle","8":"product_tag-cepee","9":"product_tag-tige","10":"pa_altezza-massima-15-metres","11":"pa_altezza-massima-20-metres","12":"pa_colore-fioritura-blanc","13":"pa_condizionamento-clt-fr","14":"pa_condizionamento-motte","15":"pa_famiglia-hamamelidaceae-fr","16":"pa_genere-liquidambar-fr","17":"pa_origine-origine-delle-piante-u-s-a","18":"pa_periodo-fioritura-avril","19":"pa_periodo-fioritura-mars","20":"pa_portamento-arrondi","21":"pa_resistenza-climatica-tres-elevee","22":"pa_resistenza-del-suolo-resistant-au-sol-humide","23":"pa_resistenza-del-suolo-resistant-aux-sols-calcaires","24":"pa_utilizzo-avenues-fr","25":"pa_utilizzo-parcs","27":"first","28":"instock","29":"purchasable","30":"product-type-simple"},"acf":[],"_links":{"self":[{"href":"https:\/\/innocentiemangonipiante.it\/fr\/wp-json\/wp\/v2\/product\/12965","targetHints":{"allow":["GET"]}}],"collection":[{"href":"https:\/\/innocentiemangonipiante.it\/fr\/wp-json\/wp\/v2\/product"}],"about":[{"href":"https:\/\/innocentiemangonipiante.it\/fr\/wp-json\/wp\/v2\/types\/product"}],"wp:featuredmedia":[{"embeddable":true,"href":"https:\/\/innocentiemangonipiante.it\/fr\/wp-json\/wp\/v2\/media\/3744"}],"wp:attachment":[{"href":"https:\/\/innocentiemangonipiante.it\/fr\/wp-json\/wp\/v2\/media?parent=12965"}],"wp:term":[{"taxonomy":"product_brand","embeddable":true,"href":"https:\/\/innocentiemangonipiante.it\/fr\/wp-json\/wp\/v2\/product_brand?post=12965"},{"taxonomy":"product_cat","embeddable":true,"href":"https:\/\/innocentiemangonipiante.it\/fr\/wp-json\/wp\/v2\/product_cat?post=12965"},{"taxonomy":"product_tag","embeddable":true,"href":"https:\/\/innocentiemangonipiante.it\/fr\/wp-json\/wp\/v2\/product_tag?post=12965"}],"curies":[{"name":"wp","href":"https:\/\/api.w.org\/{rel}","templated":true}]}}