{"id":12967,"date":"2023-11-04T01:40:08","date_gmt":"2023-11-04T00:40:08","guid":{"rendered":"http:\/\/innocentiemangonipiante.it\/liquidambar-styraciflua-paarl\/"},"modified":"2023-11-06T15:08:05","modified_gmt":"2023-11-06T14:08:05","slug":"liquidambar-styraciflua-paarl","status":"publish","type":"product","link":"https:\/\/innocentiemangonipiante.it\/fr\/liquidambar-styraciflua-paarl\/","title":{"rendered":"LIQUIDAMBAR styraciflua &lsquo;Paarl&rsquo; \u00ae"},"content":{"rendered":"<p>Son port pyramidal en fait un arbre d\u2019avenue excellent l\u00e0 o\u00f9 on ne veut pas renoncer \u00e0 l\u2019esth\u00e9tique de son \u00e9corce rugueuse et de sa coloration automnale.<\/p>\n","protected":false},"excerpt":{"rendered":"<p>Son port pyramidal en fait un arbre d\u2019avenue excellent l\u00e0 o\u00f9 on ne veut pas renoncer \u00e0 l\u2019esth\u00e9tique de son \u00e9corce rugueuse et de sa coloration automnale.<\/p>\n","protected":false},"featured_media":49119,"template":"","meta":{"_acf_changed":false},"product_brand":[],"product_cat":[8812,9230],"product_tag":[10897,10900,8400],"class_list":{"0":"post-12967","1":"product","2":"type-product","3":"status-publish","4":"has-post-thumbnail","6":"product_cat-arbres-et-arbustes-a-feuilles-caduques","7":"product_cat-arbres-et-plantes-du-futur","8":"product_tag-naturelle","9":"product_tag-tbb-fr-2","10":"product_tag-tige","11":"pa_altezza-massima-1000-fr-2","12":"pa_altezza-massima-15-metres","13":"pa_colore-fioritura-blanc","14":"pa_condizionamento-clt-fr","15":"pa_condizionamento-vs-fr","16":"pa_condizionamento-motte","17":"pa_famiglia-hamamelidaceae-fr","18":"pa_genere-liquidambar-fr","19":"pa_origine-origine-delle-piante-u-s-a","20":"pa_periodo-fioritura-avril","21":"pa_periodo-fioritura-mars","22":"pa_portamento-piramidale-fr","23":"pa_resistenza-climatica-tres-elevee","24":"pa_resistenza-del-suolo-resistant-au-sol-humide","25":"pa_resistenza-del-suolo-resistant-aux-sols-calcaires","26":"pa_utilizzo-avenues-fr","28":"first","29":"instock","30":"purchasable","31":"product-type-simple"},"acf":[],"_links":{"self":[{"href":"https:\/\/innocentiemangonipiante.it\/fr\/wp-json\/wp\/v2\/product\/12967","targetHints":{"allow":["GET"]}}],"collection":[{"href":"https:\/\/innocentiemangonipiante.it\/fr\/wp-json\/wp\/v2\/product"}],"about":[{"href":"https:\/\/innocentiemangonipiante.it\/fr\/wp-json\/wp\/v2\/types\/product"}],"wp:featuredmedia":[{"embeddable":true,"href":"https:\/\/innocentiemangonipiante.it\/fr\/wp-json\/wp\/v2\/media\/49119"}],"wp:attachment":[{"href":"https:\/\/innocentiemangonipiante.it\/fr\/wp-json\/wp\/v2\/media?parent=12967"}],"wp:term":[{"taxonomy":"product_brand","embeddable":true,"href":"https:\/\/innocentiemangonipiante.it\/fr\/wp-json\/wp\/v2\/product_brand?post=12967"},{"taxonomy":"product_cat","embeddable":true,"href":"https:\/\/innocentiemangonipiante.it\/fr\/wp-json\/wp\/v2\/product_cat?post=12967"},{"taxonomy":"product_tag","embeddable":true,"href":"https:\/\/innocentiemangonipiante.it\/fr\/wp-json\/wp\/v2\/product_tag?post=12967"}],"curies":[{"name":"wp","href":"https:\/\/api.w.org\/{rel}","templated":true}]}}