{"id":12969,"date":"2023-11-04T01:39:34","date_gmt":"2023-11-04T00:39:34","guid":{"rendered":"http:\/\/innocentiemangonipiante.it\/liquidambar-styraciflua-golden-sun\/"},"modified":"2023-11-06T15:07:47","modified_gmt":"2023-11-06T14:07:47","slug":"liquidambar-styraciflua-golden-sun","status":"publish","type":"product","link":"https:\/\/innocentiemangonipiante.it\/fr\/liquidambar-styraciflua-golden-sun\/","title":{"rendered":"LIQUIDAMBAR styraciflua &lsquo;Golden Sun&rsquo;"},"content":{"rendered":"<p>Arbre tr\u00e8s d\u00e9coratif pour son \u00e9corce rugueuse qui contraste avec le coloris vert tendre du feuillage. \u00c0 l\u2019automne aussi sa tr\u00e8s belle coloration offre un m\u00e9lange impressionnant de coloris contrast\u00e9.<\/p>\n","protected":false},"excerpt":{"rendered":"<p>Arbre tr\u00e8s d\u00e9coratif pour son \u00e9corce rugueuse qui contraste avec le coloris vert tendre du feuillage. \u00c0 l\u2019automne aussi sa tr\u00e8s belle coloration offre un m\u00e9lange impressionnant de coloris contrast\u00e9.<\/p>\n","protected":false},"featured_media":48999,"template":"","meta":{"_acf_changed":false},"product_brand":[],"product_cat":[8812],"product_tag":[10897,10900],"class_list":{"0":"post-12969","1":"product","2":"type-product","3":"status-publish","4":"has-post-thumbnail","6":"product_cat-arbres-et-arbustes-a-feuilles-caduques","7":"product_tag-naturelle","8":"product_tag-tbb-fr-2","9":"pa_altezza-massima-800-fr","10":"pa_altezza-massima-1000-fr-2","11":"pa_colore-fioritura-blanc","12":"pa_condizionamento-vs-fr","13":"pa_condizionamento-motte","14":"pa_famiglia-hamamelidaceae-fr","15":"pa_genere-liquidambar-fr","16":"pa_origine-origine-delle-piante-u-s-a","17":"pa_periodo-fioritura-avril","18":"pa_periodo-fioritura-mars","19":"pa_portamento-conico-fr","20":"pa_resistenza-climatica-tres-elevee","21":"pa_resistenza-del-suolo-resistant-au-sol-humide","22":"pa_resistenza-del-suolo-resistant-aux-sols-calcaires","23":"pa_utilizzo-avenues-fr","24":"pa_utilizzo-parcs","26":"first","27":"instock","28":"purchasable","29":"product-type-simple"},"acf":[],"_links":{"self":[{"href":"https:\/\/innocentiemangonipiante.it\/fr\/wp-json\/wp\/v2\/product\/12969","targetHints":{"allow":["GET"]}}],"collection":[{"href":"https:\/\/innocentiemangonipiante.it\/fr\/wp-json\/wp\/v2\/product"}],"about":[{"href":"https:\/\/innocentiemangonipiante.it\/fr\/wp-json\/wp\/v2\/types\/product"}],"wp:featuredmedia":[{"embeddable":true,"href":"https:\/\/innocentiemangonipiante.it\/fr\/wp-json\/wp\/v2\/media\/48999"}],"wp:attachment":[{"href":"https:\/\/innocentiemangonipiante.it\/fr\/wp-json\/wp\/v2\/media?parent=12969"}],"wp:term":[{"taxonomy":"product_brand","embeddable":true,"href":"https:\/\/innocentiemangonipiante.it\/fr\/wp-json\/wp\/v2\/product_brand?post=12969"},{"taxonomy":"product_cat","embeddable":true,"href":"https:\/\/innocentiemangonipiante.it\/fr\/wp-json\/wp\/v2\/product_cat?post=12969"},{"taxonomy":"product_tag","embeddable":true,"href":"https:\/\/innocentiemangonipiante.it\/fr\/wp-json\/wp\/v2\/product_tag?post=12969"}],"curies":[{"name":"wp","href":"https:\/\/api.w.org\/{rel}","templated":true}]}}