{"id":12970,"date":"2023-11-04T01:39:10","date_gmt":"2023-11-04T00:39:10","guid":{"rendered":"http:\/\/innocentiemangonipiante.it\/liquidambar-styraciflua\/"},"modified":"2023-11-06T15:07:33","modified_gmt":"2023-11-06T14:07:33","slug":"liquidambar-styraciflua","status":"publish","type":"product","link":"https:\/\/innocentiemangonipiante.it\/fr\/liquidambar-styraciflua\/","title":{"rendered":"LIQUIDAMBAR styraciflua"},"content":{"rendered":"<p>\u201cCopalme d\u2019Am\u00e9rique\u201d. Arbre \u00e0 croissance rapide. L\u2019\u00e9corce est rugueuse et pr\u00e9sente des cannelures profondes et irr\u00e9guli\u00e8res. Les feuilles sont palm\u00e9es de couleur verte et virent \u00e0 l\u2019orange-rouge en automne.<\/p>\n","protected":false},"excerpt":{"rendered":"<p>\u201cCopalme d\u2019Am\u00e9rique\u201d. Arbre \u00e0 croissance rapide. L\u2019\u00e9corce est rugueuse et pr\u00e9sente des cannelures profondes et irr\u00e9guli\u00e8res. Les feuilles sont palm\u00e9es de couleur verte et virent \u00e0 l\u2019orange-rouge en automne.<\/p>\n","protected":false},"featured_media":3722,"template":"","meta":{"_acf_changed":false},"product_brand":[],"product_cat":[8812,9230],"product_tag":[10897,8596,8750,10900,8400,8424,8432],"class_list":{"0":"post-12970","1":"product","2":"type-product","3":"status-publish","4":"has-post-thumbnail","6":"product_cat-arbres-et-arbustes-a-feuilles-caduques","7":"product_cat-arbres-et-plantes-du-futur","8":"product_tag-naturelle","9":"product_tag-cepee","10":"product_tag-espalier-fr","11":"product_tag-tbb-fr-2","12":"product_tag-tige","13":"product_tag-tige-espalier","14":"product_tag-tige-plateau-dombrage","15":"pa_altezza-massima-20-metres","16":"pa_altezza-massima-25-metres","17":"pa_colore-fioritura-jaune","18":"pa_condizionamento-clt-fr","19":"pa_condizionamento-vs-fr","20":"pa_condizionamento-motte","21":"pa_famiglia-hamamelidaceae-fr","22":"pa_genere-liquidambar-fr","23":"pa_origine-origine-delle-piante-u-s-a","24":"pa_periodo-fioritura-avril","25":"pa_periodo-fioritura-mars","26":"pa_portamento-piramidale-fr","27":"pa_resistenza-climatica-moyenne-elevee","28":"pa_resistenza-del-suolo-resistant-au-sol-humide","29":"pa_resistenza-del-suolo-resistant-aux-sols-calcaires","30":"pa_utilizzo-avenues-fr","31":"pa_utilizzo-parcs","33":"first","34":"instock","35":"purchasable","36":"product-type-simple"},"acf":[],"_links":{"self":[{"href":"https:\/\/innocentiemangonipiante.it\/fr\/wp-json\/wp\/v2\/product\/12970","targetHints":{"allow":["GET"]}}],"collection":[{"href":"https:\/\/innocentiemangonipiante.it\/fr\/wp-json\/wp\/v2\/product"}],"about":[{"href":"https:\/\/innocentiemangonipiante.it\/fr\/wp-json\/wp\/v2\/types\/product"}],"wp:featuredmedia":[{"embeddable":true,"href":"https:\/\/innocentiemangonipiante.it\/fr\/wp-json\/wp\/v2\/media\/3722"}],"wp:attachment":[{"href":"https:\/\/innocentiemangonipiante.it\/fr\/wp-json\/wp\/v2\/media?parent=12970"}],"wp:term":[{"taxonomy":"product_brand","embeddable":true,"href":"https:\/\/innocentiemangonipiante.it\/fr\/wp-json\/wp\/v2\/product_brand?post=12970"},{"taxonomy":"product_cat","embeddable":true,"href":"https:\/\/innocentiemangonipiante.it\/fr\/wp-json\/wp\/v2\/product_cat?post=12970"},{"taxonomy":"product_tag","embeddable":true,"href":"https:\/\/innocentiemangonipiante.it\/fr\/wp-json\/wp\/v2\/product_tag?post=12970"}],"curies":[{"name":"wp","href":"https:\/\/api.w.org\/{rel}","templated":true}]}}