{"id":12971,"date":"2023-11-04T01:41:17","date_gmt":"2023-11-04T00:41:17","guid":{"rendered":"http:\/\/innocentiemangonipiante.it\/liriodendron-tulipifera-fastigiata\/"},"modified":"2023-11-06T15:08:33","modified_gmt":"2023-11-06T14:08:33","slug":"liriodendron-tulipifera-fastigiata","status":"publish","type":"product","link":"https:\/\/innocentiemangonipiante.it\/fr\/liriodendron-tulipifera-fastigiata\/","title":{"rendered":"LIRIODENDRON tulipifera &lsquo;Fastigiata&rsquo;"},"content":{"rendered":"<p>Feuillage comme l\u2019esp\u00e8ce type. Fleurit abondamment. Port \u00e9troit et colonnaire avec ramescence \u00e9rig\u00e9e.<\/p>\n","protected":false},"excerpt":{"rendered":"<p>Feuillage comme l\u2019esp\u00e8ce type. Fleurit abondamment. Port \u00e9troit et colonnaire avec ramescence \u00e9rig\u00e9e.<\/p>\n","protected":false},"featured_media":3783,"template":"","meta":{"_acf_changed":false},"product_brand":[],"product_cat":[8812,9230],"product_tag":[10897,8400],"class_list":{"0":"post-12971","1":"product","2":"type-product","3":"status-publish","4":"has-post-thumbnail","6":"product_cat-arbres-et-arbustes-a-feuilles-caduques","7":"product_cat-arbres-et-plantes-du-futur","8":"product_tag-naturelle","9":"product_tag-tige","10":"pa_altezza-massima-15-metres","11":"pa_altezza-massima-20-metres","12":"pa_colore-fioritura-jaune","13":"pa_condizionamento-clt-fr","14":"pa_condizionamento-motte","15":"pa_famiglia-magnoliaceae-fr","16":"pa_genere-liriodendron-fr","17":"pa_inquinamento-resistance-a-la-pollution","18":"pa_origine-origine-delle-piante-u-s-a","19":"pa_portamento-fastigiato-fr","20":"pa_resistenza-climatica-tres-elevee","21":"pa_resistenza-del-suolo-resistant-au-sol-humide","22":"pa_utilizzo-avenues-fr","24":"first","25":"instock","26":"purchasable","27":"product-type-simple"},"acf":[],"_links":{"self":[{"href":"https:\/\/innocentiemangonipiante.it\/fr\/wp-json\/wp\/v2\/product\/12971","targetHints":{"allow":["GET"]}}],"collection":[{"href":"https:\/\/innocentiemangonipiante.it\/fr\/wp-json\/wp\/v2\/product"}],"about":[{"href":"https:\/\/innocentiemangonipiante.it\/fr\/wp-json\/wp\/v2\/types\/product"}],"wp:featuredmedia":[{"embeddable":true,"href":"https:\/\/innocentiemangonipiante.it\/fr\/wp-json\/wp\/v2\/media\/3783"}],"wp:attachment":[{"href":"https:\/\/innocentiemangonipiante.it\/fr\/wp-json\/wp\/v2\/media?parent=12971"}],"wp:term":[{"taxonomy":"product_brand","embeddable":true,"href":"https:\/\/innocentiemangonipiante.it\/fr\/wp-json\/wp\/v2\/product_brand?post=12971"},{"taxonomy":"product_cat","embeddable":true,"href":"https:\/\/innocentiemangonipiante.it\/fr\/wp-json\/wp\/v2\/product_cat?post=12971"},{"taxonomy":"product_tag","embeddable":true,"href":"https:\/\/innocentiemangonipiante.it\/fr\/wp-json\/wp\/v2\/product_tag?post=12971"}],"curies":[{"name":"wp","href":"https:\/\/api.w.org\/{rel}","templated":true}]}}