{"id":12973,"date":"2023-11-04T01:40:55","date_gmt":"2023-11-04T00:40:55","guid":{"rendered":"http:\/\/innocentiemangonipiante.it\/liriodendron-tulipifera\/"},"modified":"2023-11-06T15:08:23","modified_gmt":"2023-11-06T14:08:23","slug":"liriodendron-tulipifera","status":"publish","type":"product","link":"https:\/\/innocentiemangonipiante.it\/fr\/liriodendron-tulipifera\/","title":{"rendered":"LIRIODENDRON tulipifera"},"content":{"rendered":"<p>\u201cTulipier de Virginie\u201d. Arbre \u00e0 feuille caduque \u00e0 croissance colonnaire et vigoureuse. Les feuilles sont de couleur vert fonc\u00e9 et ont une forme plus ou moins carr\u00e9e, lob\u00e9e. Les fleurs sont vert p\u00e2le en forme de coupe avec des bandes jaunes \u00e0 la base qui poussent \u00e0 la moiti\u00e9 de l\u2019\u00e9t\u00e9.<\/p>\n","protected":false},"excerpt":{"rendered":"<p>\u201cTulipier de Virginie\u201d. Arbre \u00e0 feuille caduque \u00e0 croissance colonnaire et vigoureuse. Les feuilles sont de couleur vert fonc\u00e9 et ont une forme plus ou moins carr\u00e9e, lob\u00e9e. Les fleurs sont vert p\u00e2le en forme de coupe avec des bandes jaunes \u00e0 la base qui poussent \u00e0 la moiti\u00e9 de l\u2019\u00e9t\u00e9.<\/p>\n","protected":false},"featured_media":3771,"template":"","meta":{"_acf_changed":false},"product_brand":[],"product_cat":[8812],"product_tag":[10897,8596,10900,8400],"class_list":{"0":"post-12973","1":"product","2":"type-product","3":"status-publish","4":"has-post-thumbnail","6":"product_cat-arbres-et-arbustes-a-feuilles-caduques","7":"product_tag-naturelle","8":"product_tag-cepee","9":"product_tag-tbb-fr-2","10":"product_tag-tige","11":"pa_altezza-massima-25-metres","12":"pa_altezza-massima-35-metres","13":"pa_colore-fioritura-jaune","14":"pa_condizionamento-clt-fr","15":"pa_condizionamento-vs-fr","16":"pa_condizionamento-motte","17":"pa_famiglia-magnoliaceae-fr","18":"pa_genere-liriodendron-fr","19":"pa_inquinamento-resistance-a-la-pollution","20":"pa_origine-origine-delle-piante-u-s-a","21":"pa_periodo-fioritura-juillet","22":"pa_portamento-arrondi","23":"pa_resistenza-climatica-tres-elevee","24":"pa_resistenza-del-suolo-resistant-au-sol-humide","25":"pa_utilizzo-avenues-fr","26":"pa_utilizzo-parcs","28":"first","29":"instock","30":"purchasable","31":"product-type-simple"},"acf":[],"_links":{"self":[{"href":"https:\/\/innocentiemangonipiante.it\/fr\/wp-json\/wp\/v2\/product\/12973","targetHints":{"allow":["GET"]}}],"collection":[{"href":"https:\/\/innocentiemangonipiante.it\/fr\/wp-json\/wp\/v2\/product"}],"about":[{"href":"https:\/\/innocentiemangonipiante.it\/fr\/wp-json\/wp\/v2\/types\/product"}],"wp:featuredmedia":[{"embeddable":true,"href":"https:\/\/innocentiemangonipiante.it\/fr\/wp-json\/wp\/v2\/media\/3771"}],"wp:attachment":[{"href":"https:\/\/innocentiemangonipiante.it\/fr\/wp-json\/wp\/v2\/media?parent=12973"}],"wp:term":[{"taxonomy":"product_brand","embeddable":true,"href":"https:\/\/innocentiemangonipiante.it\/fr\/wp-json\/wp\/v2\/product_brand?post=12973"},{"taxonomy":"product_cat","embeddable":true,"href":"https:\/\/innocentiemangonipiante.it\/fr\/wp-json\/wp\/v2\/product_cat?post=12973"},{"taxonomy":"product_tag","embeddable":true,"href":"https:\/\/innocentiemangonipiante.it\/fr\/wp-json\/wp\/v2\/product_tag?post=12973"}],"curies":[{"name":"wp","href":"https:\/\/api.w.org\/{rel}","templated":true}]}}