{"id":12977,"date":"2023-11-04T01:42:23","date_gmt":"2023-11-04T00:42:23","guid":{"rendered":"http:\/\/innocentiemangonipiante.it\/lonicera-pileata\/"},"modified":"2023-11-06T15:08:58","modified_gmt":"2023-11-06T14:08:58","slug":"lonicera-pileata","status":"publish","type":"product","link":"https:\/\/innocentiemangonipiante.it\/fr\/lonicera-pileata\/","title":{"rendered":"LONICERA pileata"},"content":{"rendered":"<p>Vari\u00e9t\u00e9 arbustive persistante avec feuille vert fonc\u00e9. C\u2019est un magnifique couvre-sol.<\/p>\n","protected":false},"excerpt":{"rendered":"<p>Vari\u00e9t\u00e9 arbustive persistante avec feuille vert fonc\u00e9. C\u2019est un magnifique couvre-sol.<\/p>\n","protected":false},"featured_media":3832,"template":"","meta":{"_acf_changed":false},"product_brand":[],"product_cat":[8836],"product_tag":[10897],"class_list":{"0":"post-12977","1":"product","2":"type-product","3":"status-publish","4":"has-post-thumbnail","6":"product_cat-lianes","7":"product_tag-naturelle","8":"pa_altezza-massima-0_50-metres","9":"pa_altezza-massima-0_75-metres","10":"pa_colore-fioritura-jaune","11":"pa_condizionamento-clt-fr","12":"pa_famiglia-caprifoliaceae-fr","13":"pa_genere-lonicera-fr","14":"pa_inquinamento-resistance-a-la-pollution","15":"pa_origine-chine","16":"pa_periodo-fioritura-avril","17":"pa_periodo-fioritura-mai","18":"pa_periodo-fruttificazione-mai","19":"pa_portamento-strisciante-fr","20":"pa_resistenza-climatica-tres-elevee","21":"pa_resistenza-del-suolo-resistant-aux-sols-calcaires","22":"pa_resistenza-del-suolo-resistant-aux-sols-secs","23":"pa_salinita-resistance-a-la-salinisation","24":"pa_utilizzo-petits-jardins","26":"first","27":"instock","28":"purchasable","29":"product-type-simple"},"acf":[],"_links":{"self":[{"href":"https:\/\/innocentiemangonipiante.it\/fr\/wp-json\/wp\/v2\/product\/12977","targetHints":{"allow":["GET"]}}],"collection":[{"href":"https:\/\/innocentiemangonipiante.it\/fr\/wp-json\/wp\/v2\/product"}],"about":[{"href":"https:\/\/innocentiemangonipiante.it\/fr\/wp-json\/wp\/v2\/types\/product"}],"wp:featuredmedia":[{"embeddable":true,"href":"https:\/\/innocentiemangonipiante.it\/fr\/wp-json\/wp\/v2\/media\/3832"}],"wp:attachment":[{"href":"https:\/\/innocentiemangonipiante.it\/fr\/wp-json\/wp\/v2\/media?parent=12977"}],"wp:term":[{"taxonomy":"product_brand","embeddable":true,"href":"https:\/\/innocentiemangonipiante.it\/fr\/wp-json\/wp\/v2\/product_brand?post=12977"},{"taxonomy":"product_cat","embeddable":true,"href":"https:\/\/innocentiemangonipiante.it\/fr\/wp-json\/wp\/v2\/product_cat?post=12977"},{"taxonomy":"product_tag","embeddable":true,"href":"https:\/\/innocentiemangonipiante.it\/fr\/wp-json\/wp\/v2\/product_tag?post=12977"}],"curies":[{"name":"wp","href":"https:\/\/api.w.org\/{rel}","templated":true}]}}