{"id":12978,"date":"2023-11-04T01:42:16","date_gmt":"2023-11-04T00:42:16","guid":{"rendered":"http:\/\/innocentiemangonipiante.it\/lonicera-nitida-maigrun\/"},"modified":"2023-11-06T15:08:56","modified_gmt":"2023-11-06T14:08:56","slug":"lonicera-nitida-maigrun","status":"publish","type":"product","link":"https:\/\/innocentiemangonipiante.it\/fr\/lonicera-nitida-maigrun\/","title":{"rendered":"LONICERA nitida &lsquo;Maigr\u00fcn&rsquo;"},"content":{"rendered":"<p>Arbuste persistant \u00e0 d\u00e9veloppement r\u00e9duit, dense. Feuilles ov\u00e9es de couleur vert luisant. Il r\u00e9siste tr\u00e8s bien \u00e0 la pollution et \u00e0 la s\u00e9cheresse. C\u2019est un magnifique couvre-sol.<\/p>\n","protected":false},"excerpt":{"rendered":"<p>Arbuste persistant \u00e0 d\u00e9veloppement r\u00e9duit, dense. Feuilles ov\u00e9es de couleur vert luisant. Il r\u00e9siste tr\u00e8s bien \u00e0 la pollution et \u00e0 la s\u00e9cheresse. C\u2019est un magnifique couvre-sol.<\/p>\n","protected":false},"featured_media":3826,"template":"","meta":{"_acf_changed":false},"product_brand":[],"product_cat":[8836],"product_tag":[10897],"class_list":{"0":"post-12978","1":"product","2":"type-product","3":"status-publish","4":"has-post-thumbnail","6":"product_cat-lianes","7":"product_tag-naturelle","8":"pa_altezza-massima-0_50-metres","9":"pa_altezza-massima-100-fr","10":"pa_colore-fioritura-blanc","11":"pa_condizionamento-clt-fr","12":"pa_condizionamento-vs-fr","13":"pa_famiglia-caprifoliaceae-fr","14":"pa_genere-lonicera-fr","15":"pa_inquinamento-resistance-a-la-pollution","16":"pa_origine-allemagne","17":"pa_periodo-fioritura-mai","18":"pa_periodo-fruttificazione-juin","19":"pa_portamento-allargato-fr","20":"pa_resistenza-climatica-tres-elevee","21":"pa_resistenza-del-suolo-resistant-aux-sols-calcaires","22":"pa_resistenza-del-suolo-resistant-aux-sols-secs","23":"pa_salinita-resistance-a-la-salinisation","24":"pa_utilizzo-petits-jardins","26":"first","27":"instock","28":"purchasable","29":"product-type-simple"},"acf":[],"_links":{"self":[{"href":"https:\/\/innocentiemangonipiante.it\/fr\/wp-json\/wp\/v2\/product\/12978","targetHints":{"allow":["GET"]}}],"collection":[{"href":"https:\/\/innocentiemangonipiante.it\/fr\/wp-json\/wp\/v2\/product"}],"about":[{"href":"https:\/\/innocentiemangonipiante.it\/fr\/wp-json\/wp\/v2\/types\/product"}],"wp:featuredmedia":[{"embeddable":true,"href":"https:\/\/innocentiemangonipiante.it\/fr\/wp-json\/wp\/v2\/media\/3826"}],"wp:attachment":[{"href":"https:\/\/innocentiemangonipiante.it\/fr\/wp-json\/wp\/v2\/media?parent=12978"}],"wp:term":[{"taxonomy":"product_brand","embeddable":true,"href":"https:\/\/innocentiemangonipiante.it\/fr\/wp-json\/wp\/v2\/product_brand?post=12978"},{"taxonomy":"product_cat","embeddable":true,"href":"https:\/\/innocentiemangonipiante.it\/fr\/wp-json\/wp\/v2\/product_cat?post=12978"},{"taxonomy":"product_tag","embeddable":true,"href":"https:\/\/innocentiemangonipiante.it\/fr\/wp-json\/wp\/v2\/product_tag?post=12978"}],"curies":[{"name":"wp","href":"https:\/\/api.w.org\/{rel}","templated":true}]}}