{"id":12979,"date":"2023-11-04T01:42:09","date_gmt":"2023-11-04T00:42:09","guid":{"rendered":"http:\/\/innocentiemangonipiante.it\/lonicera-nitida\/"},"modified":"2023-11-06T15:08:53","modified_gmt":"2023-11-06T14:08:53","slug":"lonicera-nitida","status":"publish","type":"product","link":"https:\/\/innocentiemangonipiante.it\/fr\/lonicera-nitida\/","title":{"rendered":"LONICERA nitida"},"content":{"rendered":"<p>Arbuste buissoneux persistant avec paires de feuilles ov\u00e9es vert fonc\u00e9. Au printemps il produit des paires de fleurs tubulaires blanc-cr\u00e8me suivies par baies noir-pourpre. Tr\u00e8s bonne vari\u00e9t\u00e9 pour haies.<\/p>\n","protected":false},"excerpt":{"rendered":"<p>Arbuste buissoneux persistant avec paires de feuilles ov\u00e9es vert fonc\u00e9. Au printemps il produit des paires de fleurs tubulaires blanc-cr\u00e8me suivies par baies noir-pourpre. Tr\u00e8s bonne vari\u00e9t\u00e9 pour haies.<\/p>\n","protected":false},"featured_media":3820,"template":"","meta":{"_acf_changed":false},"product_brand":[],"product_cat":[8836],"product_tag":[10897],"class_list":{"0":"post-12979","1":"product","2":"type-product","3":"status-publish","4":"has-post-thumbnail","6":"product_cat-lianes","7":"product_tag-naturelle","8":"pa_altezza-massima-200-fr","9":"pa_altezza-massima-300-fr-2","10":"pa_colore-fioritura-blanc","11":"pa_condizionamento-clt-fr","12":"pa_famiglia-caprifoliaceae-fr","13":"pa_genere-lonicera-fr","14":"pa_inquinamento-resistance-a-la-pollution","15":"pa_origine-asie-orientale","16":"pa_periodo-fioritura-avril","17":"pa_periodo-fioritura-mai","18":"pa_periodo-fruttificazione-juin","19":"pa_portamento-cespuglioso-fr","20":"pa_resistenza-climatica-tres-elevee","21":"pa_resistenza-del-suolo-resistant-aux-sols-calcaires","22":"pa_resistenza-del-suolo-resistant-aux-sols-secs","23":"pa_salinita-resistance-a-la-salinisation","24":"pa_utilizzo-haies","26":"first","27":"instock","28":"purchasable","29":"product-type-simple"},"acf":[],"_links":{"self":[{"href":"https:\/\/innocentiemangonipiante.it\/fr\/wp-json\/wp\/v2\/product\/12979","targetHints":{"allow":["GET"]}}],"collection":[{"href":"https:\/\/innocentiemangonipiante.it\/fr\/wp-json\/wp\/v2\/product"}],"about":[{"href":"https:\/\/innocentiemangonipiante.it\/fr\/wp-json\/wp\/v2\/types\/product"}],"wp:featuredmedia":[{"embeddable":true,"href":"https:\/\/innocentiemangonipiante.it\/fr\/wp-json\/wp\/v2\/media\/3820"}],"wp:attachment":[{"href":"https:\/\/innocentiemangonipiante.it\/fr\/wp-json\/wp\/v2\/media?parent=12979"}],"wp:term":[{"taxonomy":"product_brand","embeddable":true,"href":"https:\/\/innocentiemangonipiante.it\/fr\/wp-json\/wp\/v2\/product_brand?post=12979"},{"taxonomy":"product_cat","embeddable":true,"href":"https:\/\/innocentiemangonipiante.it\/fr\/wp-json\/wp\/v2\/product_cat?post=12979"},{"taxonomy":"product_tag","embeddable":true,"href":"https:\/\/innocentiemangonipiante.it\/fr\/wp-json\/wp\/v2\/product_tag?post=12979"}],"curies":[{"name":"wp","href":"https:\/\/api.w.org\/{rel}","templated":true}]}}