{"id":12980,"date":"2023-11-04T01:42:04","date_gmt":"2023-11-04T00:42:04","guid":{"rendered":"http:\/\/innocentiemangonipiante.it\/lonicera-japonica-halliana\/"},"modified":"2023-11-06T15:08:51","modified_gmt":"2023-11-06T14:08:51","slug":"lonicera-japonica-halliana","status":"publish","type":"product","link":"https:\/\/innocentiemangonipiante.it\/fr\/lonicera-japonica-halliana\/","title":{"rendered":"LONICERA japonica &lsquo;Halliana&rsquo;"},"content":{"rendered":"<p>Tr\u00e8s vigoureux, avec fleurs blanches pures qui virent au jaune fonc\u00e9 \u00e0 maturit\u00e9.<\/p>\n","protected":false},"excerpt":{"rendered":"<p>Tr\u00e8s vigoureux, avec fleurs blanches pures qui virent au jaune fonc\u00e9 \u00e0 maturit\u00e9.<\/p>\n","protected":false},"featured_media":3814,"template":"","meta":{"_acf_changed":false},"product_brand":[],"product_cat":[8836],"product_tag":[10897],"class_list":{"0":"post-12980","1":"product","2":"type-product","3":"status-publish","4":"has-post-thumbnail","6":"product_cat-lianes","7":"product_tag-naturelle","8":"pa_altezza-massima-400-fr","9":"pa_altezza-massima-600-fr","10":"pa_colore-fioritura-blanc","11":"pa_condizionamento-clt-fr","12":"pa_famiglia-caprifoliaceae-fr","13":"pa_genere-lonicera-fr","14":"pa_origine-asie-orientale","15":"pa_periodo-fioritura-juillet","16":"pa_periodo-fioritura-juin","17":"pa_periodo-fioritura-mai","18":"pa_portamento-liane","19":"pa_profumo-delicat","20":"pa_resistenza-climatica-tres-elevee","21":"pa_resistenza-del-suolo-resistant-aux-sols-calcaires","22":"pa_resistenza-del-suolo-resistant-aux-sols-secs","23":"pa_utilizzo-parcs","25":"first","26":"instock","27":"purchasable","28":"product-type-simple"},"acf":[],"_links":{"self":[{"href":"https:\/\/innocentiemangonipiante.it\/fr\/wp-json\/wp\/v2\/product\/12980","targetHints":{"allow":["GET"]}}],"collection":[{"href":"https:\/\/innocentiemangonipiante.it\/fr\/wp-json\/wp\/v2\/product"}],"about":[{"href":"https:\/\/innocentiemangonipiante.it\/fr\/wp-json\/wp\/v2\/types\/product"}],"wp:featuredmedia":[{"embeddable":true,"href":"https:\/\/innocentiemangonipiante.it\/fr\/wp-json\/wp\/v2\/media\/3814"}],"wp:attachment":[{"href":"https:\/\/innocentiemangonipiante.it\/fr\/wp-json\/wp\/v2\/media?parent=12980"}],"wp:term":[{"taxonomy":"product_brand","embeddable":true,"href":"https:\/\/innocentiemangonipiante.it\/fr\/wp-json\/wp\/v2\/product_brand?post=12980"},{"taxonomy":"product_cat","embeddable":true,"href":"https:\/\/innocentiemangonipiante.it\/fr\/wp-json\/wp\/v2\/product_cat?post=12980"},{"taxonomy":"product_tag","embeddable":true,"href":"https:\/\/innocentiemangonipiante.it\/fr\/wp-json\/wp\/v2\/product_tag?post=12980"}],"curies":[{"name":"wp","href":"https:\/\/api.w.org\/{rel}","templated":true}]}}