{"id":12981,"date":"2023-11-04T01:41:51","date_gmt":"2023-11-04T00:41:51","guid":{"rendered":"http:\/\/innocentiemangonipiante.it\/lonicera-japonica-chinensis\/"},"modified":"2023-11-06T15:08:46","modified_gmt":"2023-11-06T14:08:46","slug":"lonicera-japonica-chinensis","status":"publish","type":"product","link":"https:\/\/innocentiemangonipiante.it\/fr\/lonicera-japonica-chinensis\/","title":{"rendered":"LONICERA japonica &lsquo;Chinensis&rsquo;"},"content":{"rendered":"<p>Grimpante semi persistante avec feuilles ov\u00e9es de couleur vert, rouge\u00e2tres sur la page inf\u00e9rieure. Fleurs de couleur rouge et jaune tr\u00e8s parfum\u00e9es, qui apparaissent pendant l\u2019\u00e9t\u00e9.<\/p>\n","protected":false},"excerpt":{"rendered":"<p>Grimpante semi persistante avec feuilles ov\u00e9es de couleur vert, rouge\u00e2tres sur la page inf\u00e9rieure. Fleurs de couleur rouge et jaune tr\u00e8s parfum\u00e9es, qui apparaissent pendant l\u2019\u00e9t\u00e9.<\/p>\n","protected":false},"featured_media":3808,"template":"","meta":{"_acf_changed":false},"product_brand":[],"product_cat":[8836],"product_tag":[10897],"class_list":{"0":"post-12981","1":"product","2":"type-product","3":"status-publish","4":"has-post-thumbnail","6":"product_cat-lianes","7":"product_tag-naturelle","8":"pa_altezza-massima-400-fr","9":"pa_altezza-massima-600-fr","10":"pa_colore-fioritura-rouge","11":"pa_condizionamento-clt-fr","12":"pa_famiglia-caprifoliaceae-fr","13":"pa_genere-lonicera-fr","14":"pa_origine-asie-orientale","15":"pa_periodo-fioritura-aout","16":"pa_periodo-fioritura-juillet","17":"pa_periodo-fioritura-juin","18":"pa_portamento-liane","19":"pa_profumo-intense-fr","20":"pa_resistenza-climatica-tres-elevee","21":"pa_resistenza-del-suolo-resistant-aux-sols-calcaires","22":"pa_resistenza-del-suolo-resistant-aux-sols-secs","23":"pa_utilizzo-parcs","24":"pa_utilizzo-petits-jardins","26":"first","27":"instock","28":"purchasable","29":"product-type-simple"},"acf":[],"_links":{"self":[{"href":"https:\/\/innocentiemangonipiante.it\/fr\/wp-json\/wp\/v2\/product\/12981","targetHints":{"allow":["GET"]}}],"collection":[{"href":"https:\/\/innocentiemangonipiante.it\/fr\/wp-json\/wp\/v2\/product"}],"about":[{"href":"https:\/\/innocentiemangonipiante.it\/fr\/wp-json\/wp\/v2\/types\/product"}],"wp:featuredmedia":[{"embeddable":true,"href":"https:\/\/innocentiemangonipiante.it\/fr\/wp-json\/wp\/v2\/media\/3808"}],"wp:attachment":[{"href":"https:\/\/innocentiemangonipiante.it\/fr\/wp-json\/wp\/v2\/media?parent=12981"}],"wp:term":[{"taxonomy":"product_brand","embeddable":true,"href":"https:\/\/innocentiemangonipiante.it\/fr\/wp-json\/wp\/v2\/product_brand?post=12981"},{"taxonomy":"product_cat","embeddable":true,"href":"https:\/\/innocentiemangonipiante.it\/fr\/wp-json\/wp\/v2\/product_cat?post=12981"},{"taxonomy":"product_tag","embeddable":true,"href":"https:\/\/innocentiemangonipiante.it\/fr\/wp-json\/wp\/v2\/product_tag?post=12981"}],"curies":[{"name":"wp","href":"https:\/\/api.w.org\/{rel}","templated":true}]}}