{"id":12984,"date":"2023-11-04T01:42:48","date_gmt":"2023-11-04T00:42:48","guid":{"rendered":"http:\/\/innocentiemangonipiante.it\/lonicera-x-heckrottii\/"},"modified":"2023-11-06T15:09:10","modified_gmt":"2023-11-06T14:09:10","slug":"lonicera-x-heckrottii","status":"publish","type":"product","link":"https:\/\/innocentiemangonipiante.it\/fr\/lonicera-x-heckrottii\/","title":{"rendered":"LONICERA x heckrottii"},"content":{"rendered":"<p>Plante grimpante, persistante, aux feuilles en paires ovales \u00e0 elliptiques de couleur bleu-vert. En \u00e9t\u00e9, elle donne des fleurs tubul\u00e9es de couleur rouge suivies de baies rouges.<\/p>\n","protected":false},"excerpt":{"rendered":"<p>Plante grimpante, persistante, aux feuilles en paires ovales \u00e0 elliptiques de couleur bleu-vert. En \u00e9t\u00e9, elle donne des fleurs tubul\u00e9es de couleur rouge suivies de baies rouges.<\/p>\n","protected":false},"featured_media":49239,"template":"","meta":{"_acf_changed":false},"product_brand":[],"product_cat":[8836],"product_tag":[10897],"class_list":{"0":"post-12984","1":"product","2":"type-product","3":"status-publish","4":"has-post-thumbnail","6":"product_cat-lianes","7":"product_tag-naturelle","8":"pa_altezza-massima-400-fr","9":"pa_altezza-massima-600-fr","10":"pa_colore-fioritura-rouge","11":"pa_condizionamento-clt-fr","12":"pa_famiglia-caprifoliaceae-fr","13":"pa_genere-lonicera-fr","14":"pa_origine-origine-delle-piante-u-s-a","15":"pa_periodo-fioritura-aout","16":"pa_periodo-fioritura-juillet","17":"pa_periodo-fioritura-juin","18":"pa_portamento-liane","19":"pa_profumo-delicat","20":"pa_resistenza-climatica-moyenne-elevee","21":"pa_resistenza-del-suolo-resistant-aux-sols-calcaires","22":"pa_resistenza-del-suolo-resistant-aux-sols-secs","23":"pa_utilizzo-petits-jardins","25":"first","26":"instock","27":"purchasable","28":"product-type-simple"},"acf":[],"_links":{"self":[{"href":"https:\/\/innocentiemangonipiante.it\/fr\/wp-json\/wp\/v2\/product\/12984","targetHints":{"allow":["GET"]}}],"collection":[{"href":"https:\/\/innocentiemangonipiante.it\/fr\/wp-json\/wp\/v2\/product"}],"about":[{"href":"https:\/\/innocentiemangonipiante.it\/fr\/wp-json\/wp\/v2\/types\/product"}],"wp:featuredmedia":[{"embeddable":true,"href":"https:\/\/innocentiemangonipiante.it\/fr\/wp-json\/wp\/v2\/media\/49239"}],"wp:attachment":[{"href":"https:\/\/innocentiemangonipiante.it\/fr\/wp-json\/wp\/v2\/media?parent=12984"}],"wp:term":[{"taxonomy":"product_brand","embeddable":true,"href":"https:\/\/innocentiemangonipiante.it\/fr\/wp-json\/wp\/v2\/product_brand?post=12984"},{"taxonomy":"product_cat","embeddable":true,"href":"https:\/\/innocentiemangonipiante.it\/fr\/wp-json\/wp\/v2\/product_cat?post=12984"},{"taxonomy":"product_tag","embeddable":true,"href":"https:\/\/innocentiemangonipiante.it\/fr\/wp-json\/wp\/v2\/product_tag?post=12984"}],"curies":[{"name":"wp","href":"https:\/\/api.w.org\/{rel}","templated":true}]}}