{"id":12985,"date":"2023-11-04T01:41:23","date_gmt":"2023-11-04T00:41:23","guid":{"rendered":"http:\/\/innocentiemangonipiante.it\/lonicera-caprifolium\/"},"modified":"2023-11-06T15:08:36","modified_gmt":"2023-11-06T14:08:36","slug":"lonicera-caprifolium","status":"publish","type":"product","link":"https:\/\/innocentiemangonipiante.it\/fr\/lonicera-caprifolium\/","title":{"rendered":"LONICERA caprifolium"},"content":{"rendered":"<p>\u201cCh\u00e8vrefeuille\u201d. Plante grimpante, caduque, aux feuilles en paires ovales \u00e0 oblongues et lanc\u00e9ol\u00e9es de couleur gris-vert. En \u00e9t\u00e9, des aisselles foliaires naissent des fleurs tubul\u00e9es tr\u00e8s parfum\u00e9es de couleur blanc cr\u00e8me \u00e0 jaune nuanc\u00e9 de rose, suivies de baies oranges-rouges.<\/p>\n","protected":false},"excerpt":{"rendered":"<p>\u201cCh\u00e8vrefeuille\u201d. Plante grimpante, caduque, aux feuilles en paires ovales \u00e0 oblongues et lanc\u00e9ol\u00e9es de couleur gris-vert. En \u00e9t\u00e9, des aisselles foliaires naissent des fleurs tubul\u00e9es tr\u00e8s parfum\u00e9es de couleur blanc cr\u00e8me \u00e0 jaune nuanc\u00e9 de rose, suivies de baies oranges-rouges.<\/p>\n","protected":false},"featured_media":3789,"template":"","meta":{"_acf_changed":false},"product_brand":[],"product_cat":[8836],"product_tag":[10897],"class_list":{"0":"post-12985","1":"product","2":"type-product","3":"status-publish","4":"has-post-thumbnail","6":"product_cat-lianes","7":"product_tag-naturelle","8":"pa_altezza-massima-400-fr","9":"pa_altezza-massima-600-fr","10":"pa_colore-fioritura-blanc","11":"pa_condizionamento-clt-fr","12":"pa_famiglia-caprifoliaceae-fr","13":"pa_genere-lonicera-fr","14":"pa_origine-caucase","15":"pa_periodo-fioritura-aout","16":"pa_periodo-fioritura-juillet","17":"pa_periodo-fioritura-juin","18":"pa_periodo-fioritura-septembre","19":"pa_portamento-liane","20":"pa_profumo-delicat","21":"pa_resistenza-climatica-tres-elevee","22":"pa_resistenza-del-suolo-resistant-aux-sols-calcaires","23":"pa_resistenza-del-suolo-resistant-aux-sols-secs","24":"pa_utilizzo-balcons","25":"pa_utilizzo-petits-jardins","27":"first","28":"instock","29":"purchasable","30":"product-type-simple"},"acf":[],"_links":{"self":[{"href":"https:\/\/innocentiemangonipiante.it\/fr\/wp-json\/wp\/v2\/product\/12985","targetHints":{"allow":["GET"]}}],"collection":[{"href":"https:\/\/innocentiemangonipiante.it\/fr\/wp-json\/wp\/v2\/product"}],"about":[{"href":"https:\/\/innocentiemangonipiante.it\/fr\/wp-json\/wp\/v2\/types\/product"}],"wp:featuredmedia":[{"embeddable":true,"href":"https:\/\/innocentiemangonipiante.it\/fr\/wp-json\/wp\/v2\/media\/3789"}],"wp:attachment":[{"href":"https:\/\/innocentiemangonipiante.it\/fr\/wp-json\/wp\/v2\/media?parent=12985"}],"wp:term":[{"taxonomy":"product_brand","embeddable":true,"href":"https:\/\/innocentiemangonipiante.it\/fr\/wp-json\/wp\/v2\/product_brand?post=12985"},{"taxonomy":"product_cat","embeddable":true,"href":"https:\/\/innocentiemangonipiante.it\/fr\/wp-json\/wp\/v2\/product_cat?post=12985"},{"taxonomy":"product_tag","embeddable":true,"href":"https:\/\/innocentiemangonipiante.it\/fr\/wp-json\/wp\/v2\/product_tag?post=12985"}],"curies":[{"name":"wp","href":"https:\/\/api.w.org\/{rel}","templated":true}]}}