{"id":12986,"date":"2023-11-04T01:42:43","date_gmt":"2023-11-04T00:42:43","guid":{"rendered":"http:\/\/innocentiemangonipiante.it\/lonicera-x-brownii-golden-trumpet\/"},"modified":"2023-11-06T15:09:08","modified_gmt":"2023-11-06T14:09:08","slug":"lonicera-x-brownii-golden-trumpet","status":"publish","type":"product","link":"https:\/\/innocentiemangonipiante.it\/fr\/lonicera-x-brownii-golden-trumpet\/","title":{"rendered":"LONICERA x brownii &lsquo;Golden Trumpet&rsquo; \u00ae"},"content":{"rendered":"<p>Tr\u00e8s beau cultivar avec fleurs jaune dor\u00e9 au d\u00e9but de l\u2019\u00e9t\u00e9.<\/p>\n","protected":false},"excerpt":{"rendered":"<p>Tr\u00e8s beau cultivar avec fleurs jaune dor\u00e9 au d\u00e9but de l\u2019\u00e9t\u00e9.<\/p>\n","protected":false},"featured_media":3850,"template":"","meta":{"_acf_changed":false},"product_brand":[],"product_cat":[8836],"product_tag":[10897],"class_list":{"0":"post-12986","1":"product","2":"type-product","3":"status-publish","4":"has-post-thumbnail","6":"product_cat-lianes","7":"product_tag-naturelle","8":"pa_altezza-massima-300-fr-2","9":"pa_altezza-massima-500-fr","10":"pa_colore-fioritura-jaune","11":"pa_condizionamento-clt-fr","12":"pa_famiglia-caprifoliaceae-fr","13":"pa_genere-lonicera-fr","14":"pa_origine-france-fr","15":"pa_periodo-fioritura-juin","16":"pa_periodo-fioritura-mai","17":"pa_portamento-liane","18":"pa_profumo-delicat","19":"pa_resistenza-climatica-tres-elevee","20":"pa_resistenza-del-suolo-resistant-aux-sols-calcaires","21":"pa_resistenza-del-suolo-resistant-aux-sols-secs","22":"pa_utilizzo-petits-jardins","24":"first","25":"instock","26":"purchasable","27":"product-type-simple"},"acf":[],"_links":{"self":[{"href":"https:\/\/innocentiemangonipiante.it\/fr\/wp-json\/wp\/v2\/product\/12986","targetHints":{"allow":["GET"]}}],"collection":[{"href":"https:\/\/innocentiemangonipiante.it\/fr\/wp-json\/wp\/v2\/product"}],"about":[{"href":"https:\/\/innocentiemangonipiante.it\/fr\/wp-json\/wp\/v2\/types\/product"}],"wp:featuredmedia":[{"embeddable":true,"href":"https:\/\/innocentiemangonipiante.it\/fr\/wp-json\/wp\/v2\/media\/3850"}],"wp:attachment":[{"href":"https:\/\/innocentiemangonipiante.it\/fr\/wp-json\/wp\/v2\/media?parent=12986"}],"wp:term":[{"taxonomy":"product_brand","embeddable":true,"href":"https:\/\/innocentiemangonipiante.it\/fr\/wp-json\/wp\/v2\/product_brand?post=12986"},{"taxonomy":"product_cat","embeddable":true,"href":"https:\/\/innocentiemangonipiante.it\/fr\/wp-json\/wp\/v2\/product_cat?post=12986"},{"taxonomy":"product_tag","embeddable":true,"href":"https:\/\/innocentiemangonipiante.it\/fr\/wp-json\/wp\/v2\/product_tag?post=12986"}],"curies":[{"name":"wp","href":"https:\/\/api.w.org\/{rel}","templated":true}]}}