{"id":12987,"date":"2023-11-04T01:42:35","date_gmt":"2023-11-04T00:42:35","guid":{"rendered":"http:\/\/innocentiemangonipiante.it\/lonicera-x-brownii-dropmore-scarlet\/"},"modified":"2023-11-06T15:09:04","modified_gmt":"2023-11-06T14:09:04","slug":"lonicera-x-brownii-dropmore-scarlet","status":"publish","type":"product","link":"https:\/\/innocentiemangonipiante.it\/fr\/lonicera-x-brownii-dropmore-scarlet\/","title":{"rendered":"LONICERA x brownii &lsquo;Dropmore Scarlet&rsquo;"},"content":{"rendered":"<p>Grimpante semi-persistante, aux feuilles en paires ovales \u00e0 oblongues et lanc\u00e9ol\u00e9es de couleur bleu-vert. Les fleurs tubul\u00e9es, de couleur orange, parfum\u00e9es, s\u2019\u00e9panouissent en \u00e9t\u00e9 et sont suivies par des baies rouges.<\/p>\n","protected":false},"excerpt":{"rendered":"<p>Grimpante semi-persistante, aux feuilles en paires ovales \u00e0 oblongues et lanc\u00e9ol\u00e9es de couleur bleu-vert. Les fleurs tubul\u00e9es, de couleur orange, parfum\u00e9es, s\u2019\u00e9panouissent en \u00e9t\u00e9 et sont suivies par des baies rouges.<\/p>\n","protected":false},"featured_media":3844,"template":"","meta":{"_acf_changed":false},"product_brand":[],"product_cat":[8836],"product_tag":[10897],"class_list":{"0":"post-12987","1":"product","2":"type-product","3":"status-publish","4":"has-post-thumbnail","6":"product_cat-lianes","7":"product_tag-naturelle","8":"pa_altezza-massima-300-fr-2","9":"pa_altezza-massima-400-fr","10":"pa_colore-fioritura-orange-fr","11":"pa_condizionamento-clt-fr","12":"pa_famiglia-caprifoliaceae-fr","13":"pa_genere-lonicera-fr","14":"pa_origine-canada-fr","15":"pa_periodo-fioritura-aout","16":"pa_periodo-fioritura-juillet","17":"pa_periodo-fioritura-juin","18":"pa_periodo-fioritura-mai","19":"pa_periodo-fioritura-septembre","20":"pa_portamento-liane","21":"pa_profumo-delicat","22":"pa_resistenza-climatica-moyenne-elevee","23":"pa_resistenza-del-suolo-resistant-aux-sols-calcaires","24":"pa_resistenza-del-suolo-resistant-aux-sols-secs","25":"pa_utilizzo-petits-jardins","27":"first","28":"instock","29":"purchasable","30":"product-type-simple"},"acf":[],"_links":{"self":[{"href":"https:\/\/innocentiemangonipiante.it\/fr\/wp-json\/wp\/v2\/product\/12987","targetHints":{"allow":["GET"]}}],"collection":[{"href":"https:\/\/innocentiemangonipiante.it\/fr\/wp-json\/wp\/v2\/product"}],"about":[{"href":"https:\/\/innocentiemangonipiante.it\/fr\/wp-json\/wp\/v2\/types\/product"}],"wp:featuredmedia":[{"embeddable":true,"href":"https:\/\/innocentiemangonipiante.it\/fr\/wp-json\/wp\/v2\/media\/3844"}],"wp:attachment":[{"href":"https:\/\/innocentiemangonipiante.it\/fr\/wp-json\/wp\/v2\/media?parent=12987"}],"wp:term":[{"taxonomy":"product_brand","embeddable":true,"href":"https:\/\/innocentiemangonipiante.it\/fr\/wp-json\/wp\/v2\/product_brand?post=12987"},{"taxonomy":"product_cat","embeddable":true,"href":"https:\/\/innocentiemangonipiante.it\/fr\/wp-json\/wp\/v2\/product_cat?post=12987"},{"taxonomy":"product_tag","embeddable":true,"href":"https:\/\/innocentiemangonipiante.it\/fr\/wp-json\/wp\/v2\/product_tag?post=12987"}],"curies":[{"name":"wp","href":"https:\/\/api.w.org\/{rel}","templated":true}]}}