{"id":12988,"date":"2023-11-04T01:43:22","date_gmt":"2023-11-04T00:43:22","guid":{"rendered":"http:\/\/innocentiemangonipiante.it\/loropetalum-chinense-fede\/"},"modified":"2023-11-06T15:09:35","modified_gmt":"2023-11-06T14:09:35","slug":"loropetalum-chinense-fede","status":"publish","type":"product","link":"https:\/\/innocentiemangonipiante.it\/fr\/loropetalum-chinense-fede\/","title":{"rendered":"LOROPETALUM chinense &lsquo;Fede&rsquo;"},"content":{"rendered":"<p>Belle vari\u00e9t\u00e9 \u00e0 feuilles rouge pourpre surtout chez les feuilles jeunes, qui ont tendance \u00e0 devenir vert fonc\u00e9 au centre vers la fin de l\u2019\u00e9t\u00e9. Fleurs rose intense.<\/p>\n","protected":false},"excerpt":{"rendered":"<p>Belle vari\u00e9t\u00e9 \u00e0 feuilles rouge pourpre surtout chez les feuilles jeunes, qui ont tendance \u00e0 devenir vert fonc\u00e9 au centre vers la fin de l\u2019\u00e9t\u00e9. Fleurs rose intense.<\/p>\n","protected":false},"featured_media":0,"template":"","meta":{"_acf_changed":false},"product_brand":[],"product_cat":[8817],"product_tag":[10897,6252,6265,8497,6267,6255,8750,8735],"class_list":{"0":"post-12988","1":"product","2":"type-product","3":"status-publish","5":"product_cat-arbres-et-arbustes-persistants","6":"product_tag-naturelle","7":"product_tag-bonsai-fr","8":"product_tag-boule","9":"product_tag-cepee-remontee","10":"product_tag-cone","11":"product_tag-demi-tige","12":"product_tag-espalier-fr","13":"product_tag-quart-de-tige","14":"pa_altezza-massima-150-fr","15":"pa_altezza-massima-200-fr","16":"pa_arte-topiaria-disponible-plante-en-forme","17":"pa_colore-delle-foglie-rouge","18":"pa_colore-fioritura-rose","19":"pa_condizionamento-clt-fr","20":"pa_condizionamento-coupe-fr","21":"pa_condizionamento-vs-fr","22":"pa_condizionamento-pot-carre","23":"pa_famiglia-hamamelidaceae-fr","24":"pa_genere-loropetalum-fr","25":"pa_origine-europe-fr","26":"pa_periodo-fioritura-avril","27":"pa_periodo-fioritura-mai","28":"pa_portamento-cespuglioso-fr","29":"pa_resistenza-climatica-moyenne-elevee","30":"pa_utilizzo-balcons","31":"pa_utilizzo-parcs","32":"pa_utilizzo-petits-jardins","34":"first","35":"instock","36":"purchasable","37":"product-type-simple"},"acf":[],"_links":{"self":[{"href":"https:\/\/innocentiemangonipiante.it\/fr\/wp-json\/wp\/v2\/product\/12988","targetHints":{"allow":["GET"]}}],"collection":[{"href":"https:\/\/innocentiemangonipiante.it\/fr\/wp-json\/wp\/v2\/product"}],"about":[{"href":"https:\/\/innocentiemangonipiante.it\/fr\/wp-json\/wp\/v2\/types\/product"}],"wp:attachment":[{"href":"https:\/\/innocentiemangonipiante.it\/fr\/wp-json\/wp\/v2\/media?parent=12988"}],"wp:term":[{"taxonomy":"product_brand","embeddable":true,"href":"https:\/\/innocentiemangonipiante.it\/fr\/wp-json\/wp\/v2\/product_brand?post=12988"},{"taxonomy":"product_cat","embeddable":true,"href":"https:\/\/innocentiemangonipiante.it\/fr\/wp-json\/wp\/v2\/product_cat?post=12988"},{"taxonomy":"product_tag","embeddable":true,"href":"https:\/\/innocentiemangonipiante.it\/fr\/wp-json\/wp\/v2\/product_tag?post=12988"}],"curies":[{"name":"wp","href":"https:\/\/api.w.org\/{rel}","templated":true}]}}