{"id":12989,"date":"2023-11-04T01:43:28","date_gmt":"2023-11-04T00:43:28","guid":{"rendered":"http:\/\/innocentiemangonipiante.it\/loropetalum-chinense-fire-dance\/"},"modified":"2023-11-06T15:09:38","modified_gmt":"2023-11-06T14:09:38","slug":"loropetalum-chinense-fire-dance","status":"publish","type":"product","link":"https:\/\/innocentiemangonipiante.it\/fr\/loropetalum-chinense-fire-dance\/","title":{"rendered":"LOROPETALUM chinense &lsquo;Fire Dance&rsquo;"},"content":{"rendered":"<p>Arbuste persistant avec feuilles ov\u00e9e rouge pourpre. Fleurs pourpre de f\u00e9vrier \u00e0 avril.<\/p>\n","protected":false},"excerpt":{"rendered":"<p>Arbuste persistant avec feuilles ov\u00e9e rouge pourpre. Fleurs pourpre de f\u00e9vrier \u00e0 avril.<\/p>\n","protected":false},"featured_media":3865,"template":"","meta":{"_acf_changed":false},"product_brand":[],"product_cat":[8817],"product_tag":[10897,6252,6265,6267,6255,8750,8735],"class_list":{"0":"post-12989","1":"product","2":"type-product","3":"status-publish","4":"has-post-thumbnail","6":"product_cat-arbres-et-arbustes-persistants","7":"product_tag-naturelle","8":"product_tag-bonsai-fr","9":"product_tag-boule","10":"product_tag-cone","11":"product_tag-demi-tige","12":"product_tag-espalier-fr","13":"product_tag-quart-de-tige","14":"pa_altezza-massima-150-fr","15":"pa_altezza-massima-200-fr","16":"pa_colore-delle-foglie-rouge","17":"pa_colore-fioritura-rose","18":"pa_condizionamento-clt-fr","19":"pa_condizionamento-vs-fr","20":"pa_condizionamento-pot-carre","21":"pa_famiglia-hamamelidaceae-fr","22":"pa_genere-loropetalum-fr","23":"pa_origine-asie-orientale","24":"pa_periodo-fioritura-avril","25":"pa_periodo-fioritura-fevrier","26":"pa_periodo-fioritura-mars","27":"pa_portamento-cespuglioso-fr","28":"pa_resistenza-climatica-moyenne-elevee","29":"pa_utilizzo-balcons","30":"pa_utilizzo-parcs","31":"pa_utilizzo-petits-jardins","33":"first","34":"instock","35":"purchasable","36":"product-type-simple"},"acf":[],"_links":{"self":[{"href":"https:\/\/innocentiemangonipiante.it\/fr\/wp-json\/wp\/v2\/product\/12989","targetHints":{"allow":["GET"]}}],"collection":[{"href":"https:\/\/innocentiemangonipiante.it\/fr\/wp-json\/wp\/v2\/product"}],"about":[{"href":"https:\/\/innocentiemangonipiante.it\/fr\/wp-json\/wp\/v2\/types\/product"}],"wp:featuredmedia":[{"embeddable":true,"href":"https:\/\/innocentiemangonipiante.it\/fr\/wp-json\/wp\/v2\/media\/3865"}],"wp:attachment":[{"href":"https:\/\/innocentiemangonipiante.it\/fr\/wp-json\/wp\/v2\/media?parent=12989"}],"wp:term":[{"taxonomy":"product_brand","embeddable":true,"href":"https:\/\/innocentiemangonipiante.it\/fr\/wp-json\/wp\/v2\/product_brand?post=12989"},{"taxonomy":"product_cat","embeddable":true,"href":"https:\/\/innocentiemangonipiante.it\/fr\/wp-json\/wp\/v2\/product_cat?post=12989"},{"taxonomy":"product_tag","embeddable":true,"href":"https:\/\/innocentiemangonipiante.it\/fr\/wp-json\/wp\/v2\/product_tag?post=12989"}],"curies":[{"name":"wp","href":"https:\/\/api.w.org\/{rel}","templated":true}]}}