{"id":12990,"date":"2023-11-04T01:43:02","date_gmt":"2023-11-04T00:43:02","guid":{"rendered":"http:\/\/innocentiemangonipiante.it\/loropetalum-chinense-black-pearl\/"},"modified":"2023-11-06T15:09:15","modified_gmt":"2023-11-06T14:09:15","slug":"loropetalum-chinense-black-pearl","status":"publish","type":"product","link":"https:\/\/innocentiemangonipiante.it\/fr\/loropetalum-chinense-black-pearl\/","title":{"rendered":"LOROPETALUM chinense &lsquo;Black Pearl&rsquo; \u00ae"},"content":{"rendered":"<p>Persistante avec feuillage de couleur rouge fonc\u00e9 tr\u00e8s intense, presque noir. Les fleurs de couleur rose intense apparaissent du mois de marsavril. Il cr\u00e9e un beau contraste de couleur.<\/p>\n","protected":false},"excerpt":{"rendered":"<p>Persistante avec feuillage de couleur rouge fonc\u00e9 tr\u00e8s intense, presque noir. Les fleurs de couleur rose intense apparaissent du mois de marsavril. Il cr\u00e9e un beau contraste de couleur.<\/p>\n","protected":false},"featured_media":3858,"template":"","meta":{"_acf_changed":false},"product_brand":[],"product_cat":[8817],"product_tag":[10897,6252,6265,8497,6267,6255,8750,8735,8400],"class_list":{"0":"post-12990","1":"product","2":"type-product","3":"status-publish","4":"has-post-thumbnail","6":"product_cat-arbres-et-arbustes-persistants","7":"product_tag-naturelle","8":"product_tag-bonsai-fr","9":"product_tag-boule","10":"product_tag-cepee-remontee","11":"product_tag-cone","12":"product_tag-demi-tige","13":"product_tag-espalier-fr","14":"product_tag-quart-de-tige","15":"product_tag-tige","16":"pa_altezza-massima-100-fr","17":"pa_altezza-massima-150-fr","18":"pa_colore-delle-foglie-rouge","19":"pa_colore-fioritura-rose","20":"pa_condizionamento-clt-fr","21":"pa_condizionamento-coupe-fr","22":"pa_condizionamento-vs-fr","23":"pa_condizionamento-pot-carre","24":"pa_famiglia-hamamelidaceae-fr","25":"pa_genere-loropetalum-fr","26":"pa_origine-origine-delle-piante-u-s-a","27":"pa_periodo-fioritura-avril","28":"pa_periodo-fioritura-mars","29":"pa_portamento-cespuglioso-fr","30":"pa_resistenza-climatica-tres-elevee","31":"pa_utilizzo-balcons","32":"pa_utilizzo-parcs","33":"pa_utilizzo-petits-jardins","35":"first","36":"instock","37":"purchasable","38":"product-type-simple"},"acf":[],"_links":{"self":[{"href":"https:\/\/innocentiemangonipiante.it\/fr\/wp-json\/wp\/v2\/product\/12990","targetHints":{"allow":["GET"]}}],"collection":[{"href":"https:\/\/innocentiemangonipiante.it\/fr\/wp-json\/wp\/v2\/product"}],"about":[{"href":"https:\/\/innocentiemangonipiante.it\/fr\/wp-json\/wp\/v2\/types\/product"}],"wp:featuredmedia":[{"embeddable":true,"href":"https:\/\/innocentiemangonipiante.it\/fr\/wp-json\/wp\/v2\/media\/3858"}],"wp:attachment":[{"href":"https:\/\/innocentiemangonipiante.it\/fr\/wp-json\/wp\/v2\/media?parent=12990"}],"wp:term":[{"taxonomy":"product_brand","embeddable":true,"href":"https:\/\/innocentiemangonipiante.it\/fr\/wp-json\/wp\/v2\/product_brand?post=12990"},{"taxonomy":"product_cat","embeddable":true,"href":"https:\/\/innocentiemangonipiante.it\/fr\/wp-json\/wp\/v2\/product_cat?post=12990"},{"taxonomy":"product_tag","embeddable":true,"href":"https:\/\/innocentiemangonipiante.it\/fr\/wp-json\/wp\/v2\/product_tag?post=12990"}],"curies":[{"name":"wp","href":"https:\/\/api.w.org\/{rel}","templated":true}]}}