{"id":12991,"date":"2023-11-04T01:48:11","date_gmt":"2023-11-04T00:48:11","guid":{"rendered":"http:\/\/innocentiemangonipiante.it\/magnolia-x-satisfaction\/"},"modified":"2023-11-06T15:12:58","modified_gmt":"2023-11-06T14:12:58","slug":"magnolia-x-satisfaction","status":"publish","type":"product","link":"https:\/\/innocentiemangonipiante.it\/fr\/magnolia-x-satisfaction\/","title":{"rendered":"MAGNOLIA x \u2018Satisfaction\u2019"},"content":{"rendered":"<p>Arbuste caduc \u00e0 floraison printani\u00e8re abondante. Fleurs moyennes \u00e0 grandes en forme de calice, rouge fonc\u00e9 \u00e0 l&rsquo;ext\u00e9rieur et blanc pur \u00e0 l&rsquo;int\u00e9rieur.<\/p>\n","protected":false},"excerpt":{"rendered":"<p>Arbuste caduc \u00e0 floraison printani\u00e8re abondante. Fleurs moyennes \u00e0 grandes en forme de calice, rouge fonc\u00e9 \u00e0 l&rsquo;ext\u00e9rieur et blanc pur \u00e0 l&rsquo;int\u00e9rieur.<\/p>\n","protected":false},"featured_media":3964,"template":"","meta":{"_acf_changed":false},"product_brand":[],"product_cat":[8817],"product_tag":[10897],"class_list":{"0":"post-12991","1":"product","2":"type-product","3":"status-publish","4":"has-post-thumbnail","6":"product_cat-arbres-et-arbustes-persistants","7":"product_tag-naturelle","8":"pa_altezza-massima-100-fr","9":"pa_altezza-massima-300-fr-2","10":"pa_colore-fioritura-rouge","11":"pa_famiglia-magnoliaceae-fr","12":"pa_genere-magnolia-fr","13":"pa_origine-europe-fr","14":"pa_periodo-fioritura-avril","15":"pa_periodo-fioritura-mars","16":"pa_portamento-arrondi","17":"pa_profumo-delicat","18":"pa_resistenza-climatica-moyenne-elevee","19":"pa_utilizzo-petits-jardins","21":"first","22":"instock","23":"purchasable","24":"product-type-simple"},"acf":[],"_links":{"self":[{"href":"https:\/\/innocentiemangonipiante.it\/fr\/wp-json\/wp\/v2\/product\/12991","targetHints":{"allow":["GET"]}}],"collection":[{"href":"https:\/\/innocentiemangonipiante.it\/fr\/wp-json\/wp\/v2\/product"}],"about":[{"href":"https:\/\/innocentiemangonipiante.it\/fr\/wp-json\/wp\/v2\/types\/product"}],"wp:featuredmedia":[{"embeddable":true,"href":"https:\/\/innocentiemangonipiante.it\/fr\/wp-json\/wp\/v2\/media\/3964"}],"wp:attachment":[{"href":"https:\/\/innocentiemangonipiante.it\/fr\/wp-json\/wp\/v2\/media?parent=12991"}],"wp:term":[{"taxonomy":"product_brand","embeddable":true,"href":"https:\/\/innocentiemangonipiante.it\/fr\/wp-json\/wp\/v2\/product_brand?post=12991"},{"taxonomy":"product_cat","embeddable":true,"href":"https:\/\/innocentiemangonipiante.it\/fr\/wp-json\/wp\/v2\/product_cat?post=12991"},{"taxonomy":"product_tag","embeddable":true,"href":"https:\/\/innocentiemangonipiante.it\/fr\/wp-json\/wp\/v2\/product_tag?post=12991"}],"curies":[{"name":"wp","href":"https:\/\/api.w.org\/{rel}","templated":true}]}}