{"id":12994,"date":"2023-11-04T01:45:43","date_gmt":"2023-11-04T00:45:43","guid":{"rendered":"http:\/\/innocentiemangonipiante.it\/magnolia-grandiflora-namnetensis-flore-pleno\/"},"modified":"2023-11-06T15:11:43","modified_gmt":"2023-11-06T14:11:43","slug":"magnolia-grandiflora-namnetensis-flore-pleno","status":"publish","type":"product","link":"https:\/\/innocentiemangonipiante.it\/fr\/magnolia-grandiflora-namnetensis-flore-pleno\/","title":{"rendered":"MAGNOLIA grandiflora &lsquo;Namnetensis Flore Pleno&rsquo;"},"content":{"rendered":"<p>Port conique, compact. En \u00e9t\u00e9, il produit des fleurs semi-doubles en abbondance compos\u00e9es de 12-15 p\u00e9tales.<\/p>\n","protected":false},"excerpt":{"rendered":"<p>Port conique, compact. En \u00e9t\u00e9, il produit des fleurs semi-doubles en abbondance compos\u00e9es de 12-15 p\u00e9tales.<\/p>\n","protected":false},"featured_media":50324,"template":"","meta":{"_acf_changed":false},"product_brand":[],"product_cat":[8817],"product_tag":[10897,8400],"class_list":{"0":"post-12994","1":"product","2":"type-product","3":"status-publish","4":"has-post-thumbnail","6":"product_cat-arbres-et-arbustes-persistants","7":"product_tag-naturelle","8":"product_tag-tige","9":"pa_altezza-massima-800-fr","10":"pa_altezza-massima-1000-fr-2","11":"pa_colore-fioritura-blanc","12":"pa_condizionamento-clt-fr","13":"pa_condizionamento-motte","14":"pa_famiglia-magnoliaceae-fr","15":"pa_genere-magnolia-fr","16":"pa_origine-france-fr","17":"pa_periodo-fioritura-aout","18":"pa_periodo-fioritura-juillet","19":"pa_portamento-conico-fr","20":"pa_profumo-intense-fr","21":"pa_resistenza-climatica-moyenne-elevee","22":"pa_utilizzo-parcs","24":"first","25":"instock","26":"purchasable","27":"product-type-simple"},"acf":[],"_links":{"self":[{"href":"https:\/\/innocentiemangonipiante.it\/fr\/wp-json\/wp\/v2\/product\/12994","targetHints":{"allow":["GET"]}}],"collection":[{"href":"https:\/\/innocentiemangonipiante.it\/fr\/wp-json\/wp\/v2\/product"}],"about":[{"href":"https:\/\/innocentiemangonipiante.it\/fr\/wp-json\/wp\/v2\/types\/product"}],"wp:featuredmedia":[{"embeddable":true,"href":"https:\/\/innocentiemangonipiante.it\/fr\/wp-json\/wp\/v2\/media\/50324"}],"wp:attachment":[{"href":"https:\/\/innocentiemangonipiante.it\/fr\/wp-json\/wp\/v2\/media?parent=12994"}],"wp:term":[{"taxonomy":"product_brand","embeddable":true,"href":"https:\/\/innocentiemangonipiante.it\/fr\/wp-json\/wp\/v2\/product_brand?post=12994"},{"taxonomy":"product_cat","embeddable":true,"href":"https:\/\/innocentiemangonipiante.it\/fr\/wp-json\/wp\/v2\/product_cat?post=12994"},{"taxonomy":"product_tag","embeddable":true,"href":"https:\/\/innocentiemangonipiante.it\/fr\/wp-json\/wp\/v2\/product_tag?post=12994"}],"curies":[{"name":"wp","href":"https:\/\/api.w.org\/{rel}","templated":true}]}}