{"id":12996,"date":"2023-11-04T01:46:51","date_gmt":"2023-11-04T00:46:51","guid":{"rendered":"http:\/\/innocentiemangonipiante.it\/magnolia-tripetala\/"},"modified":"2023-11-06T15:12:18","modified_gmt":"2023-11-06T14:12:18","slug":"magnolia-tripetala","status":"publish","type":"product","link":"https:\/\/innocentiemangonipiante.it\/fr\/magnolia-tripetala\/","title":{"rendered":"MAGNOLIA tripetala"},"content":{"rendered":"<p>Croissance lente et port irr\u00e9gulier. \u00c9normes feuilles vert moyen avec reflets argent\u00e9s sur la page inf\u00e9rieure. Petites fleurs blanches pur au d\u00e9but de l\u2019\u00e9t\u00e9.<\/p>\n","protected":false},"excerpt":{"rendered":"<p>Croissance lente et port irr\u00e9gulier. \u00c9normes feuilles vert moyen avec reflets argent\u00e9s sur la page inf\u00e9rieure. Petites fleurs blanches pur au d\u00e9but de l\u2019\u00e9t\u00e9.<\/p>\n","protected":false},"featured_media":23061,"template":"","meta":{"_acf_changed":false},"product_brand":[],"product_cat":[8817],"product_tag":[10897],"class_list":{"0":"post-12996","1":"product","2":"type-product","3":"status-publish","4":"has-post-thumbnail","6":"product_cat-arbres-et-arbustes-persistants","7":"product_tag-naturelle","8":"pa_altezza-massima-1000-fr-2","9":"pa_altezza-massima-15-metres","10":"pa_colore-fioritura-blanc","11":"pa_condizionamento-motte","12":"pa_famiglia-magnoliaceae-fr","13":"pa_genere-magnolia-fr","14":"pa_origine-origine-delle-piante-u-s-a","15":"pa_periodo-fioritura-juin","16":"pa_portamento-eretto-fr","17":"pa_profumo-delicat","18":"pa_resistenza-climatica-tres-elevee","19":"pa_resistenza-del-suolo-resistant-au-sol-humide","20":"pa_utilizzo-parcs","22":"first","23":"instock","24":"purchasable","25":"product-type-simple"},"acf":[],"_links":{"self":[{"href":"https:\/\/innocentiemangonipiante.it\/fr\/wp-json\/wp\/v2\/product\/12996","targetHints":{"allow":["GET"]}}],"collection":[{"href":"https:\/\/innocentiemangonipiante.it\/fr\/wp-json\/wp\/v2\/product"}],"about":[{"href":"https:\/\/innocentiemangonipiante.it\/fr\/wp-json\/wp\/v2\/types\/product"}],"wp:featuredmedia":[{"embeddable":true,"href":"https:\/\/innocentiemangonipiante.it\/fr\/wp-json\/wp\/v2\/media\/23061"}],"wp:attachment":[{"href":"https:\/\/innocentiemangonipiante.it\/fr\/wp-json\/wp\/v2\/media?parent=12996"}],"wp:term":[{"taxonomy":"product_brand","embeddable":true,"href":"https:\/\/innocentiemangonipiante.it\/fr\/wp-json\/wp\/v2\/product_brand?post=12996"},{"taxonomy":"product_cat","embeddable":true,"href":"https:\/\/innocentiemangonipiante.it\/fr\/wp-json\/wp\/v2\/product_cat?post=12996"},{"taxonomy":"product_tag","embeddable":true,"href":"https:\/\/innocentiemangonipiante.it\/fr\/wp-json\/wp\/v2\/product_tag?post=12996"}],"curies":[{"name":"wp","href":"https:\/\/api.w.org\/{rel}","templated":true}]}}