{"id":12997,"date":"2023-11-04T01:47:56","date_gmt":"2023-11-04T00:47:56","guid":{"rendered":"http:\/\/innocentiemangonipiante.it\/magnolia-x-susan\/"},"modified":"2023-11-06T15:12:47","modified_gmt":"2023-11-06T14:12:47","slug":"magnolia-x-susan","status":"publish","type":"product","link":"https:\/\/innocentiemangonipiante.it\/fr\/magnolia-x-susan\/","title":{"rendered":"MAGNOLIA x &lsquo;Susan&rsquo;"},"content":{"rendered":"<p>Arbuste \u00e0 feuilles caduques au port \u00e9rig\u00e9. Les feuilles sont ov\u00e9es, de couleur verte. La floraison commence \u00e0 la moiti\u00e9 du printemps et donne des fleurs en forme de calice \u00e9troit et aux p\u00e9tales l\u00e9g\u00e8rement tordus, de couleur rouge pourpre, plus clairs \u00e0 l\u2019int\u00e9rieur.<\/p>\n","protected":false},"excerpt":{"rendered":"<p>Arbuste \u00e0 feuilles caduques au port \u00e9rig\u00e9. Les feuilles sont ov\u00e9es, de couleur verte. La floraison commence \u00e0 la moiti\u00e9 du printemps et donne des fleurs en forme de calice \u00e9troit et aux p\u00e9tales l\u00e9g\u00e8rement tordus, de couleur rouge pourpre, plus clairs \u00e0 l\u2019int\u00e9rieur.<\/p>\n","protected":false},"featured_media":3952,"template":"","meta":{"_acf_changed":false},"product_brand":[],"product_cat":[8817],"product_tag":[10897,8497,6255,8735,8400],"class_list":{"0":"post-12997","1":"product","2":"type-product","3":"status-publish","4":"has-post-thumbnail","6":"product_cat-arbres-et-arbustes-persistants","7":"product_tag-naturelle","8":"product_tag-cepee-remontee","9":"product_tag-demi-tige","10":"product_tag-quart-de-tige","11":"product_tag-tige","12":"pa_altezza-massima-300-fr-2","13":"pa_altezza-massima-500-fr","14":"pa_colore-fioritura-rose","15":"pa_condizionamento-clt-fr","16":"pa_condizionamento-coupe-fr","17":"pa_condizionamento-vs-fr","18":"pa_condizionamento-motte","19":"pa_condizionamento-pot-carre","20":"pa_famiglia-magnoliaceae-fr","21":"pa_genere-magnolia-fr","22":"pa_origine-origine-delle-piante-u-s-a","23":"pa_periodo-fioritura-avril","24":"pa_periodo-fioritura-mars","25":"pa_portamento-eretto-fr","26":"pa_profumo-delicat","27":"pa_resistenza-climatica-tres-elevee","28":"pa_resistenza-del-suolo-resistant-au-sol-humide","29":"pa_utilizzo-parcs","30":"pa_utilizzo-petits-jardins","32":"first","33":"instock","34":"purchasable","35":"product-type-simple"},"acf":[],"_links":{"self":[{"href":"https:\/\/innocentiemangonipiante.it\/fr\/wp-json\/wp\/v2\/product\/12997","targetHints":{"allow":["GET"]}}],"collection":[{"href":"https:\/\/innocentiemangonipiante.it\/fr\/wp-json\/wp\/v2\/product"}],"about":[{"href":"https:\/\/innocentiemangonipiante.it\/fr\/wp-json\/wp\/v2\/types\/product"}],"wp:featuredmedia":[{"embeddable":true,"href":"https:\/\/innocentiemangonipiante.it\/fr\/wp-json\/wp\/v2\/media\/3952"}],"wp:attachment":[{"href":"https:\/\/innocentiemangonipiante.it\/fr\/wp-json\/wp\/v2\/media?parent=12997"}],"wp:term":[{"taxonomy":"product_brand","embeddable":true,"href":"https:\/\/innocentiemangonipiante.it\/fr\/wp-json\/wp\/v2\/product_brand?post=12997"},{"taxonomy":"product_cat","embeddable":true,"href":"https:\/\/innocentiemangonipiante.it\/fr\/wp-json\/wp\/v2\/product_cat?post=12997"},{"taxonomy":"product_tag","embeddable":true,"href":"https:\/\/innocentiemangonipiante.it\/fr\/wp-json\/wp\/v2\/product_tag?post=12997"}],"curies":[{"name":"wp","href":"https:\/\/api.w.org\/{rel}","templated":true}]}}