{"id":12998,"date":"2023-11-04T01:47:49","date_gmt":"2023-11-04T00:47:49","guid":{"rendered":"http:\/\/innocentiemangonipiante.it\/magnolia-x-star-wars\/"},"modified":"2023-11-06T15:12:44","modified_gmt":"2023-11-06T14:12:44","slug":"magnolia-x-star-wars","status":"publish","type":"product","link":"https:\/\/innocentiemangonipiante.it\/fr\/magnolia-x-star-wars\/","title":{"rendered":"MAGNOLIA x &lsquo;Star Wars&rsquo;"},"content":{"rendered":"<p>La floraison est abondante et d\u00e9marre \u00e0 la moiti\u00e9 du mois de mars pour 6 jusqu\u2019\u00e0 8 semaines. Les grandes fleurs sont rose intense et peuvent atteindre jusqu\u2019\u00e0 30 cm de largeur.<\/p>\n","protected":false},"excerpt":{"rendered":"<p>La floraison est abondante et d\u00e9marre \u00e0 la moiti\u00e9 du mois de mars pour 6 jusqu\u2019\u00e0 8 semaines. Les grandes fleurs sont rose intense et peuvent atteindre jusqu\u2019\u00e0 30 cm de largeur.<\/p>\n","protected":false},"featured_media":3946,"template":"","meta":{"_acf_changed":false},"product_brand":[],"product_cat":[8817],"product_tag":[10897],"class_list":{"0":"post-12998","1":"product","2":"type-product","3":"status-publish","4":"has-post-thumbnail","6":"product_cat-arbres-et-arbustes-persistants","7":"product_tag-naturelle","8":"pa_altezza-massima-150-fr","9":"pa_altezza-massima-200-fr","10":"pa_colore-fioritura-rose","11":"pa_condizionamento-motte","12":"pa_famiglia-magnoliaceae-fr","13":"pa_genere-magnolia-fr","14":"pa_origine-coree-fr","15":"pa_periodo-fioritura-avril","16":"pa_periodo-fioritura-mars","17":"pa_portamento-arrondi","18":"pa_profumo-delicat","19":"pa_resistenza-climatica-tres-elevee","20":"pa_resistenza-del-suolo-resistant-au-sol-humide","21":"pa_utilizzo-petits-jardins","23":"first","24":"instock","25":"purchasable","26":"product-type-simple"},"acf":[],"_links":{"self":[{"href":"https:\/\/innocentiemangonipiante.it\/fr\/wp-json\/wp\/v2\/product\/12998","targetHints":{"allow":["GET"]}}],"collection":[{"href":"https:\/\/innocentiemangonipiante.it\/fr\/wp-json\/wp\/v2\/product"}],"about":[{"href":"https:\/\/innocentiemangonipiante.it\/fr\/wp-json\/wp\/v2\/types\/product"}],"wp:featuredmedia":[{"embeddable":true,"href":"https:\/\/innocentiemangonipiante.it\/fr\/wp-json\/wp\/v2\/media\/3946"}],"wp:attachment":[{"href":"https:\/\/innocentiemangonipiante.it\/fr\/wp-json\/wp\/v2\/media?parent=12998"}],"wp:term":[{"taxonomy":"product_brand","embeddable":true,"href":"https:\/\/innocentiemangonipiante.it\/fr\/wp-json\/wp\/v2\/product_brand?post=12998"},{"taxonomy":"product_cat","embeddable":true,"href":"https:\/\/innocentiemangonipiante.it\/fr\/wp-json\/wp\/v2\/product_cat?post=12998"},{"taxonomy":"product_tag","embeddable":true,"href":"https:\/\/innocentiemangonipiante.it\/fr\/wp-json\/wp\/v2\/product_tag?post=12998"}],"curies":[{"name":"wp","href":"https:\/\/api.w.org\/{rel}","templated":true}]}}