{"id":12999,"date":"2023-11-04T01:46:35","date_gmt":"2023-11-04T00:46:35","guid":{"rendered":"http:\/\/innocentiemangonipiante.it\/magnolia-stellata\/"},"modified":"2023-11-06T15:12:08","modified_gmt":"2023-11-06T14:12:08","slug":"magnolia-stellata","status":"publish","type":"product","link":"https:\/\/innocentiemangonipiante.it\/fr\/magnolia-stellata\/","title":{"rendered":"MAGNOLIA stellata"},"content":{"rendered":"<p>Arbuste \u00e0 feuilles caduques compact aux feuilles oblongues et lanc\u00e9ol\u00e9es \u00e0 l\u2019inverse, de couleur verte. Les fleurs sont en forme d\u2019\u00e9toile, blanches, parfois nuanc\u00e9es de rose avec un max. de 15 p\u00e9tales s\u2019\u00e9panouissant au d\u00e9but du printemps.<\/p>\n","protected":false},"excerpt":{"rendered":"<p>Arbuste \u00e0 feuilles caduques compact aux feuilles oblongues et lanc\u00e9ol\u00e9es \u00e0 l\u2019inverse, de couleur verte. Les fleurs sont en forme d\u2019\u00e9toile, blanches, parfois nuanc\u00e9es de rose avec un max. de 15 p\u00e9tales s\u2019\u00e9panouissant au d\u00e9but du printemps.<\/p>\n","protected":false},"featured_media":3918,"template":"","meta":{"_acf_changed":false},"product_brand":[],"product_cat":[8817],"product_tag":[10897,6255,8735,8400],"class_list":{"0":"post-12999","1":"product","2":"type-product","3":"status-publish","4":"has-post-thumbnail","6":"product_cat-arbres-et-arbustes-persistants","7":"product_tag-naturelle","8":"product_tag-demi-tige","9":"product_tag-quart-de-tige","10":"product_tag-tige","11":"pa_altezza-massima-300-fr-2","12":"pa_altezza-massima-400-fr","13":"pa_colore-fioritura-blanc","14":"pa_condizionamento-clt-fr","15":"pa_condizionamento-vs-fr","16":"pa_condizionamento-motte","17":"pa_condizionamento-pot-carre","18":"pa_famiglia-magnoliaceae-fr","19":"pa_genere-magnolia-fr","20":"pa_origine-japon","21":"pa_periodo-fioritura-avril","22":"pa_periodo-fioritura-mars","23":"pa_portamento-arrondi","24":"pa_resistenza-climatica-tres-elevee","25":"pa_resistenza-del-suolo-resistant-au-sol-humide","26":"pa_utilizzo-parcs","27":"pa_utilizzo-petits-jardins","29":"first","30":"instock","31":"purchasable","32":"product-type-simple"},"acf":[],"_links":{"self":[{"href":"https:\/\/innocentiemangonipiante.it\/fr\/wp-json\/wp\/v2\/product\/12999","targetHints":{"allow":["GET"]}}],"collection":[{"href":"https:\/\/innocentiemangonipiante.it\/fr\/wp-json\/wp\/v2\/product"}],"about":[{"href":"https:\/\/innocentiemangonipiante.it\/fr\/wp-json\/wp\/v2\/types\/product"}],"wp:featuredmedia":[{"embeddable":true,"href":"https:\/\/innocentiemangonipiante.it\/fr\/wp-json\/wp\/v2\/media\/3918"}],"wp:attachment":[{"href":"https:\/\/innocentiemangonipiante.it\/fr\/wp-json\/wp\/v2\/media?parent=12999"}],"wp:term":[{"taxonomy":"product_brand","embeddable":true,"href":"https:\/\/innocentiemangonipiante.it\/fr\/wp-json\/wp\/v2\/product_brand?post=12999"},{"taxonomy":"product_cat","embeddable":true,"href":"https:\/\/innocentiemangonipiante.it\/fr\/wp-json\/wp\/v2\/product_cat?post=12999"},{"taxonomy":"product_tag","embeddable":true,"href":"https:\/\/innocentiemangonipiante.it\/fr\/wp-json\/wp\/v2\/product_tag?post=12999"}],"curies":[{"name":"wp","href":"https:\/\/api.w.org\/{rel}","templated":true}]}}