{"id":13001,"date":"2023-11-04T01:48:37","date_gmt":"2023-11-04T00:48:37","guid":{"rendered":"http:\/\/innocentiemangonipiante.it\/magnolia-x-soulangeana\/"},"modified":"2023-11-06T15:13:08","modified_gmt":"2023-11-06T14:13:08","slug":"magnolia-x-soulangeana","status":"publish","type":"product","link":"https:\/\/innocentiemangonipiante.it\/fr\/magnolia-x-soulangeana\/","title":{"rendered":"MAGNOLIA x soulangeana"},"content":{"rendered":"<p>Arbuste caduc aux feuilles oblongues et lanc\u00e9ol\u00e9es vert fonc\u00e9 pendant le printemps, avant les feuilles ou en m\u00eame temps qu\u2019elles s\u2019\u00e9panouissent de grandes fleurs en forme de calice qui virent du pourpre-rose au blanc pur.<\/p>\n","protected":false},"excerpt":{"rendered":"<p>Arbuste caduc aux feuilles oblongues et lanc\u00e9ol\u00e9es vert fonc\u00e9 pendant le printemps, avant les feuilles ou en m\u00eame temps qu\u2019elles s\u2019\u00e9panouissent de grandes fleurs en forme de calice qui virent du pourpre-rose au blanc pur.<\/p>\n","protected":false},"featured_media":3970,"template":"","meta":{"_acf_changed":false},"product_brand":[],"product_cat":[8817],"product_tag":[10897,6255,8400],"class_list":{"0":"post-13001","1":"product","2":"type-product","3":"status-publish","4":"has-post-thumbnail","6":"product_cat-arbres-et-arbustes-persistants","7":"product_tag-naturelle","8":"product_tag-demi-tige","9":"product_tag-tige","10":"pa_altezza-massima-400-fr","11":"pa_altezza-massima-600-fr","12":"pa_colore-fioritura-rose","13":"pa_condizionamento-clt-fr","14":"pa_condizionamento-vs-fr","15":"pa_condizionamento-motte","16":"pa_condizionamento-pot-carre","17":"pa_famiglia-magnoliaceae-fr","18":"pa_genere-magnolia-fr","19":"pa_origine-france-fr","20":"pa_periodo-fioritura-avril","21":"pa_periodo-fioritura-mars","22":"pa_portamento-eretto-fr","23":"pa_profumo-delicat","24":"pa_resistenza-climatica-tres-elevee","25":"pa_resistenza-del-suolo-resistant-au-sol-humide","26":"pa_utilizzo-parcs","27":"pa_utilizzo-petits-jardins","29":"first","30":"instock","31":"purchasable","32":"product-type-simple"},"acf":[],"_links":{"self":[{"href":"https:\/\/innocentiemangonipiante.it\/fr\/wp-json\/wp\/v2\/product\/13001","targetHints":{"allow":["GET"]}}],"collection":[{"href":"https:\/\/innocentiemangonipiante.it\/fr\/wp-json\/wp\/v2\/product"}],"about":[{"href":"https:\/\/innocentiemangonipiante.it\/fr\/wp-json\/wp\/v2\/types\/product"}],"wp:featuredmedia":[{"embeddable":true,"href":"https:\/\/innocentiemangonipiante.it\/fr\/wp-json\/wp\/v2\/media\/3970"}],"wp:attachment":[{"href":"https:\/\/innocentiemangonipiante.it\/fr\/wp-json\/wp\/v2\/media?parent=13001"}],"wp:term":[{"taxonomy":"product_brand","embeddable":true,"href":"https:\/\/innocentiemangonipiante.it\/fr\/wp-json\/wp\/v2\/product_brand?post=13001"},{"taxonomy":"product_cat","embeddable":true,"href":"https:\/\/innocentiemangonipiante.it\/fr\/wp-json\/wp\/v2\/product_cat?post=13001"},{"taxonomy":"product_tag","embeddable":true,"href":"https:\/\/innocentiemangonipiante.it\/fr\/wp-json\/wp\/v2\/product_tag?post=13001"}],"curies":[{"name":"wp","href":"https:\/\/api.w.org\/{rel}","templated":true}]}}