{"id":13004,"date":"2023-11-04T01:47:36","date_gmt":"2023-11-04T00:47:36","guid":{"rendered":"http:\/\/innocentiemangonipiante.it\/magnolia-x-heaven-scent\/"},"modified":"2023-11-06T15:12:37","modified_gmt":"2023-11-06T14:12:37","slug":"magnolia-x-heaven-scent","status":"publish","type":"product","link":"https:\/\/innocentiemangonipiante.it\/fr\/magnolia-x-heaven-scent\/","title":{"rendered":"MAGNOLIA x &lsquo;Heaven Scent&rsquo;"},"content":{"rendered":"<p>Feuilles elliptiques, luisantes, de couleur vert moyen, pouvant atteindre jusqu\u2019\u00e0 20 cm de longueur. \u00c0 partir de la moiti\u00e9 du printemps, il produit des fleurs en forme de calice de couleur blanc \u00e0 l\u2019interieur et rose \u00e0 l\u2019ext\u00e9rieur. Il pr\u00e9f\u00e8re les terrains frais et bien drain\u00e9s. Sujets tr\u00e8s prestigieux en alignement.<\/p>\n","protected":false},"excerpt":{"rendered":"<p>Feuilles elliptiques, luisantes, de couleur vert moyen, pouvant atteindre jusqu\u2019\u00e0 20 cm de longueur. \u00c0 partir de la moiti\u00e9 du printemps, il produit des fleurs en forme de calice de couleur blanc \u00e0 l\u2019interieur et rose \u00e0 l\u2019ext\u00e9rieur. Il pr\u00e9f\u00e8re les terrains frais et bien drain\u00e9s. Sujets tr\u00e8s prestigieux en alignement.<\/p>\n","protected":false},"featured_media":23100,"template":"","meta":{"_acf_changed":false},"product_brand":[],"product_cat":[8817],"product_tag":[10897,6255,8400],"class_list":{"0":"post-13004","1":"product","2":"type-product","3":"status-publish","4":"has-post-thumbnail","6":"product_cat-arbres-et-arbustes-persistants","7":"product_tag-naturelle","8":"product_tag-demi-tige","9":"product_tag-tige","10":"pa_altezza-massima-800-fr","11":"pa_altezza-massima-1000-fr-2","12":"pa_colore-fioritura-rose","13":"pa_condizionamento-clt-fr","14":"pa_condizionamento-vs-fr","15":"pa_condizionamento-motte","16":"pa_condizionamento-pot-carre","17":"pa_famiglia-magnoliaceae-fr","18":"pa_genere-magnolia-fr","19":"pa_origine-asie","20":"pa_periodo-fioritura-avril","21":"pa_periodo-fioritura-mars","22":"pa_portamento-conico-fr","23":"pa_profumo-intense-fr","24":"pa_resistenza-climatica-tres-elevee","25":"pa_resistenza-del-suolo-resistant-au-sol-humide","26":"pa_utilizzo-avenues-fr","27":"pa_utilizzo-parcs","28":"pa_utilizzo-petits-jardins","30":"first","31":"instock","32":"purchasable","33":"product-type-simple"},"acf":[],"_links":{"self":[{"href":"https:\/\/innocentiemangonipiante.it\/fr\/wp-json\/wp\/v2\/product\/13004","targetHints":{"allow":["GET"]}}],"collection":[{"href":"https:\/\/innocentiemangonipiante.it\/fr\/wp-json\/wp\/v2\/product"}],"about":[{"href":"https:\/\/innocentiemangonipiante.it\/fr\/wp-json\/wp\/v2\/types\/product"}],"wp:featuredmedia":[{"embeddable":true,"href":"https:\/\/innocentiemangonipiante.it\/fr\/wp-json\/wp\/v2\/media\/23100"}],"wp:attachment":[{"href":"https:\/\/innocentiemangonipiante.it\/fr\/wp-json\/wp\/v2\/media?parent=13004"}],"wp:term":[{"taxonomy":"product_brand","embeddable":true,"href":"https:\/\/innocentiemangonipiante.it\/fr\/wp-json\/wp\/v2\/product_brand?post=13004"},{"taxonomy":"product_cat","embeddable":true,"href":"https:\/\/innocentiemangonipiante.it\/fr\/wp-json\/wp\/v2\/product_cat?post=13004"},{"taxonomy":"product_tag","embeddable":true,"href":"https:\/\/innocentiemangonipiante.it\/fr\/wp-json\/wp\/v2\/product_tag?post=13004"}],"curies":[{"name":"wp","href":"https:\/\/api.w.org\/{rel}","templated":true}]}}