{"id":13005,"date":"2023-11-04T01:46:00","date_gmt":"2023-11-04T00:46:00","guid":{"rendered":"http:\/\/innocentiemangonipiante.it\/magnolia-grandiflora-victoria\/"},"modified":"2023-11-06T15:11:52","modified_gmt":"2023-11-06T14:11:52","slug":"magnolia-grandiflora-victoria","status":"publish","type":"product","link":"https:\/\/innocentiemangonipiante.it\/fr\/magnolia-grandiflora-victoria\/","title":{"rendered":"MAGNOLIA grandiflora &lsquo;Victoria&rsquo;"},"content":{"rendered":"<p>Tr\u00e8s rustique, port compact. Fleurs tr\u00e8s parfum\u00e9es.<\/p>\n","protected":false},"excerpt":{"rendered":"<p>Tr\u00e8s rustique, port compact. Fleurs tr\u00e8s parfum\u00e9es.<\/p>\n","protected":false},"featured_media":3905,"template":"","meta":{"_acf_changed":false},"product_brand":[],"product_cat":[8817,9230],"product_tag":[10897,8400],"class_list":{"0":"post-13005","1":"product","2":"type-product","3":"status-publish","4":"has-post-thumbnail","6":"product_cat-arbres-et-arbustes-persistants","7":"product_cat-arbres-et-plantes-du-futur","8":"product_tag-naturelle","9":"product_tag-tige","10":"pa_altezza-massima-800-fr","11":"pa_altezza-massima-1000-fr-2","12":"pa_colore-fioritura-blanc","13":"pa_condizionamento-clt-fr","14":"pa_condizionamento-vs-fr","15":"pa_condizionamento-motte","16":"pa_famiglia-magnoliaceae-fr","17":"pa_genere-magnolia-fr","18":"pa_origine-origine-delle-piante-u-s-a","19":"pa_periodo-fioritura-aout","20":"pa_periodo-fioritura-juillet","21":"pa_periodo-fioritura-juin","22":"pa_periodo-fioritura-septembre","23":"pa_portamento-conico-fr","24":"pa_profumo-intense-fr","25":"pa_resistenza-climatica-moyenne-elevee","26":"pa_utilizzo-parcs","27":"pa_utilizzo-petits-jardins","29":"first","30":"instock","31":"purchasable","32":"product-type-simple"},"acf":[],"_links":{"self":[{"href":"https:\/\/innocentiemangonipiante.it\/fr\/wp-json\/wp\/v2\/product\/13005","targetHints":{"allow":["GET"]}}],"collection":[{"href":"https:\/\/innocentiemangonipiante.it\/fr\/wp-json\/wp\/v2\/product"}],"about":[{"href":"https:\/\/innocentiemangonipiante.it\/fr\/wp-json\/wp\/v2\/types\/product"}],"wp:featuredmedia":[{"embeddable":true,"href":"https:\/\/innocentiemangonipiante.it\/fr\/wp-json\/wp\/v2\/media\/3905"}],"wp:attachment":[{"href":"https:\/\/innocentiemangonipiante.it\/fr\/wp-json\/wp\/v2\/media?parent=13005"}],"wp:term":[{"taxonomy":"product_brand","embeddable":true,"href":"https:\/\/innocentiemangonipiante.it\/fr\/wp-json\/wp\/v2\/product_brand?post=13005"},{"taxonomy":"product_cat","embeddable":true,"href":"https:\/\/innocentiemangonipiante.it\/fr\/wp-json\/wp\/v2\/product_cat?post=13005"},{"taxonomy":"product_tag","embeddable":true,"href":"https:\/\/innocentiemangonipiante.it\/fr\/wp-json\/wp\/v2\/product_tag?post=13005"}],"curies":[{"name":"wp","href":"https:\/\/api.w.org\/{rel}","templated":true}]}}