{"id":13006,"date":"2023-11-04T01:45:26","date_gmt":"2023-11-04T00:45:26","guid":{"rendered":"http:\/\/innocentiemangonipiante.it\/magnolia-grandiflora-little-gem\/"},"modified":"2023-11-06T15:11:22","modified_gmt":"2023-11-06T14:11:22","slug":"magnolia-grandiflora-little-gem","status":"publish","type":"product","link":"https:\/\/innocentiemangonipiante.it\/fr\/magnolia-grandiflora-little-gem\/","title":{"rendered":"MAGNOLIA grandiflora &lsquo;Little Gem&rsquo;"},"content":{"rendered":"<p>Persistant, compact et \u00e9rig\u00e9, \u00e0 la croissance tr\u00e8s lente. Les feuilles vert fonc\u00e9 sont elliptiques, ondul\u00e9es, de couleur rouille sur la face inf\u00e9rieure. Il fleurit en \u00e9t\u00e9 et sa floraison se prolonge tout l\u2019automne, \u00e9galement chez les jeunes plantes.<\/p>\n","protected":false},"excerpt":{"rendered":"<p>Persistant, compact et \u00e9rig\u00e9, \u00e0 la croissance tr\u00e8s lente. Les feuilles vert fonc\u00e9 sont elliptiques, ondul\u00e9es, de couleur rouille sur la face inf\u00e9rieure. Il fleurit en \u00e9t\u00e9 et sa floraison se prolonge tout l\u2019automne, \u00e9galement chez les jeunes plantes.<\/p>\n","protected":false},"featured_media":23036,"template":"","meta":{"_acf_changed":false},"product_brand":[],"product_cat":[8817,9230],"product_tag":[10897,6255,8400],"class_list":{"0":"post-13006","1":"product","2":"type-product","3":"status-publish","4":"has-post-thumbnail","6":"product_cat-arbres-et-arbustes-persistants","7":"product_cat-arbres-et-plantes-du-futur","8":"product_tag-naturelle","9":"product_tag-demi-tige","10":"product_tag-tige","11":"pa_altezza-massima-300-fr-2","12":"pa_altezza-massima-400-fr","13":"pa_arte-topiaria-disponible-plante-en-forme","14":"pa_colore-fioritura-blanc","15":"pa_condizionamento-clt-fr","16":"pa_condizionamento-vs-fr","17":"pa_famiglia-magnoliaceae-fr","18":"pa_genere-magnolia-fr","19":"pa_origine-origine-delle-piante-u-s-a","20":"pa_periodo-fioritura-aout","21":"pa_periodo-fioritura-juillet","22":"pa_periodo-fioritura-octobre","23":"pa_periodo-fioritura-septembre","24":"pa_portamento-conico-fr","25":"pa_profumo-intense-fr","26":"pa_resistenza-climatica-moyenne","27":"pa_salinita-resistance-a-la-salinisation","28":"pa_utilizzo-petits-jardins","30":"first","31":"instock","32":"purchasable","33":"product-type-simple"},"acf":[],"_links":{"self":[{"href":"https:\/\/innocentiemangonipiante.it\/fr\/wp-json\/wp\/v2\/product\/13006","targetHints":{"allow":["GET"]}}],"collection":[{"href":"https:\/\/innocentiemangonipiante.it\/fr\/wp-json\/wp\/v2\/product"}],"about":[{"href":"https:\/\/innocentiemangonipiante.it\/fr\/wp-json\/wp\/v2\/types\/product"}],"wp:featuredmedia":[{"embeddable":true,"href":"https:\/\/innocentiemangonipiante.it\/fr\/wp-json\/wp\/v2\/media\/23036"}],"wp:attachment":[{"href":"https:\/\/innocentiemangonipiante.it\/fr\/wp-json\/wp\/v2\/media?parent=13006"}],"wp:term":[{"taxonomy":"product_brand","embeddable":true,"href":"https:\/\/innocentiemangonipiante.it\/fr\/wp-json\/wp\/v2\/product_brand?post=13006"},{"taxonomy":"product_cat","embeddable":true,"href":"https:\/\/innocentiemangonipiante.it\/fr\/wp-json\/wp\/v2\/product_cat?post=13006"},{"taxonomy":"product_tag","embeddable":true,"href":"https:\/\/innocentiemangonipiante.it\/fr\/wp-json\/wp\/v2\/product_tag?post=13006"}],"curies":[{"name":"wp","href":"https:\/\/api.w.org\/{rel}","templated":true}]}}