{"id":13007,"date":"2023-11-04T01:45:06","date_gmt":"2023-11-04T00:45:06","guid":{"rendered":"http:\/\/innocentiemangonipiante.it\/magnolia-grandiflora-galissoniensis-praecox\/"},"modified":"2023-11-06T15:10:59","modified_gmt":"2023-11-06T14:10:59","slug":"magnolia-grandiflora-galissoniensis-praecox","status":"publish","type":"product","link":"https:\/\/innocentiemangonipiante.it\/fr\/magnolia-grandiflora-galissoniensis-praecox\/","title":{"rendered":"MAGNOLIA grandiflora &lsquo;Galissoniensis Praecox&rsquo;"},"content":{"rendered":"<p>S\u00e9lection aux caract\u00e9ristiques semblables \u00e0 celles de la M.G. Galissoniensis. Les feuilles sont l\u00e9g\u00e8rement plus petites et ondul\u00e9es. Sa caract\u00e9ristique principale est la floraison importante et abondante qui a lieu \u00e0 partir de la 2\u00e8me-3\u00e8me ann\u00e9e de vie de la plante.<\/p>\n","protected":false},"excerpt":{"rendered":"<p>S\u00e9lection aux caract\u00e9ristiques semblables \u00e0 celles de la M.G. Galissoniensis. Les feuilles sont l\u00e9g\u00e8rement plus petites et ondul\u00e9es. Sa caract\u00e9ristique principale est la floraison importante et abondante qui a lieu \u00e0 partir de la 2\u00e8me-3\u00e8me ann\u00e9e de vie de la plante.<\/p>\n","protected":false},"featured_media":3890,"template":"","meta":{"_acf_changed":false},"product_brand":[],"product_cat":[8817,9230],"product_tag":[10897,6255,8543,8400,8424],"class_list":{"0":"post-13007","1":"product","2":"type-product","3":"status-publish","4":"has-post-thumbnail","6":"product_cat-arbres-et-arbustes-persistants","7":"product_cat-arbres-et-plantes-du-futur","8":"product_tag-naturelle","9":"product_tag-demi-tige","10":"product_tag-solitaire","11":"product_tag-tige","12":"product_tag-tige-espalier","13":"pa_altezza-massima-800-fr","14":"pa_altezza-massima-12-metres","15":"pa_arte-topiaria-disponible-plante-en-forme","16":"pa_colore-fioritura-blanc","17":"pa_condizionamento-clt-fr","18":"pa_condizionamento-vs-fr","19":"pa_condizionamento-motte","20":"pa_famiglia-magnoliaceae-fr","21":"pa_genere-magnolia-fr","22":"pa_origine-origine-delle-piante-u-s-a","23":"pa_periodo-fioritura-juillet","24":"pa_periodo-fioritura-juin","25":"pa_portamento-piramidale-fr","26":"pa_profumo-intense-fr","27":"pa_resistenza-climatica-moyenne-elevee","28":"pa_utilizzo-parcs","30":"first","31":"instock","32":"purchasable","33":"product-type-simple"},"acf":[],"_links":{"self":[{"href":"https:\/\/innocentiemangonipiante.it\/fr\/wp-json\/wp\/v2\/product\/13007","targetHints":{"allow":["GET"]}}],"collection":[{"href":"https:\/\/innocentiemangonipiante.it\/fr\/wp-json\/wp\/v2\/product"}],"about":[{"href":"https:\/\/innocentiemangonipiante.it\/fr\/wp-json\/wp\/v2\/types\/product"}],"wp:featuredmedia":[{"embeddable":true,"href":"https:\/\/innocentiemangonipiante.it\/fr\/wp-json\/wp\/v2\/media\/3890"}],"wp:attachment":[{"href":"https:\/\/innocentiemangonipiante.it\/fr\/wp-json\/wp\/v2\/media?parent=13007"}],"wp:term":[{"taxonomy":"product_brand","embeddable":true,"href":"https:\/\/innocentiemangonipiante.it\/fr\/wp-json\/wp\/v2\/product_brand?post=13007"},{"taxonomy":"product_cat","embeddable":true,"href":"https:\/\/innocentiemangonipiante.it\/fr\/wp-json\/wp\/v2\/product_cat?post=13007"},{"taxonomy":"product_tag","embeddable":true,"href":"https:\/\/innocentiemangonipiante.it\/fr\/wp-json\/wp\/v2\/product_tag?post=13007"}],"curies":[{"name":"wp","href":"https:\/\/api.w.org\/{rel}","templated":true}]}}