{"id":13008,"date":"2023-11-04T01:45:15","date_gmt":"2023-11-04T00:45:15","guid":{"rendered":"http:\/\/innocentiemangonipiante.it\/magnolia-grandiflora-galissoniensis\/"},"modified":"2023-11-06T15:11:08","modified_gmt":"2023-11-06T14:11:08","slug":"magnolia-grandiflora-galissoniensis","status":"publish","type":"product","link":"https:\/\/innocentiemangonipiante.it\/fr\/magnolia-grandiflora-galissoniensis\/","title":{"rendered":"MAGNOLIA grandiflora &lsquo;Galissoniensis&rsquo;"},"content":{"rendered":"<p>Arbre persistant \u00e0 la forme \u00e0 tendance conique, feuilles coriaces \u00e9troitement elliptiques, largement ov\u00e9es. La face sup\u00e9rieure est d\u2019un vert luisant alors que la face inf\u00e9rieure est de couleur rouille, souvent recouverte de duvet. La floraison se fait en \u00e9t\u00e9 avec de grandes fleurs de couleur blanches cr\u00e8me en coupe tr\u00e8s parfum\u00e9es.<\/p>\n","protected":false},"excerpt":{"rendered":"<p>Arbre persistant \u00e0 la forme \u00e0 tendance conique, feuilles coriaces \u00e9troitement elliptiques, largement ov\u00e9es. La face sup\u00e9rieure est d\u2019un vert luisant alors que la face inf\u00e9rieure est de couleur rouille, souvent recouverte de duvet. La floraison se fait en \u00e9t\u00e9 avec de grandes fleurs de couleur blanches cr\u00e8me en coupe tr\u00e8s parfum\u00e9es.<\/p>\n","protected":false},"featured_media":23025,"template":"","meta":{"_acf_changed":false},"product_brand":[],"product_cat":[8817],"product_tag":[10897,6255,8580,8543,8400,8424],"class_list":{"0":"post-13008","1":"product","2":"type-product","3":"status-publish","4":"has-post-thumbnail","6":"product_cat-arbres-et-arbustes-persistants","7":"product_tag-naturelle","8":"product_tag-demi-tige","9":"product_tag-demi-tige-espalier","10":"product_tag-solitaire","11":"product_tag-tige","12":"product_tag-tige-espalier","13":"pa_altezza-massima-15-metres","14":"pa_altezza-massima-20-metres","15":"pa_colore-fioritura-blanc","16":"pa_condizionamento-clt-fr","17":"pa_condizionamento-vs-fr","18":"pa_condizionamento-motte","19":"pa_famiglia-magnoliaceae-fr","20":"pa_genere-magnolia-fr","21":"pa_origine-origine-delle-piante-u-s-a","22":"pa_periodo-fioritura-juillet","23":"pa_periodo-fioritura-juin","24":"pa_portamento-piramidale-fr","25":"pa_profumo-intense-fr","26":"pa_resistenza-climatica-moyenne-elevee","27":"pa_utilizzo-parcs","29":"first","30":"instock","31":"purchasable","32":"product-type-simple"},"acf":[],"_links":{"self":[{"href":"https:\/\/innocentiemangonipiante.it\/fr\/wp-json\/wp\/v2\/product\/13008","targetHints":{"allow":["GET"]}}],"collection":[{"href":"https:\/\/innocentiemangonipiante.it\/fr\/wp-json\/wp\/v2\/product"}],"about":[{"href":"https:\/\/innocentiemangonipiante.it\/fr\/wp-json\/wp\/v2\/types\/product"}],"wp:featuredmedia":[{"embeddable":true,"href":"https:\/\/innocentiemangonipiante.it\/fr\/wp-json\/wp\/v2\/media\/23025"}],"wp:attachment":[{"href":"https:\/\/innocentiemangonipiante.it\/fr\/wp-json\/wp\/v2\/media?parent=13008"}],"wp:term":[{"taxonomy":"product_brand","embeddable":true,"href":"https:\/\/innocentiemangonipiante.it\/fr\/wp-json\/wp\/v2\/product_brand?post=13008"},{"taxonomy":"product_cat","embeddable":true,"href":"https:\/\/innocentiemangonipiante.it\/fr\/wp-json\/wp\/v2\/product_cat?post=13008"},{"taxonomy":"product_tag","embeddable":true,"href":"https:\/\/innocentiemangonipiante.it\/fr\/wp-json\/wp\/v2\/product_tag?post=13008"}],"curies":[{"name":"wp","href":"https:\/\/api.w.org\/{rel}","templated":true}]}}