{"id":13009,"date":"2023-11-04T01:44:57","date_gmt":"2023-11-04T00:44:57","guid":{"rendered":"http:\/\/innocentiemangonipiante.it\/magnolia-grandiflora-francois-treyve\/"},"modified":"2023-11-06T15:10:52","modified_gmt":"2023-11-06T14:10:52","slug":"magnolia-grandiflora-francois-treyve","status":"publish","type":"product","link":"https:\/\/innocentiemangonipiante.it\/fr\/magnolia-grandiflora-francois-treyve\/","title":{"rendered":"MAGNOLIA grandiflora &lsquo;Francois Treyve&rsquo;"},"content":{"rendered":"<p>Port colonnaire. Fleurs blanches parfumm\u00e9es en \u00e9t\u00e9.<\/p>\n","protected":false},"excerpt":{"rendered":"<p>Port colonnaire. Fleurs blanches parfumm\u00e9es en \u00e9t\u00e9.<\/p>\n","protected":false},"featured_media":3884,"template":"","meta":{"_acf_changed":false},"product_brand":[],"product_cat":[8817],"product_tag":[10897,6255,8400,8424,8432],"class_list":{"0":"post-13009","1":"product","2":"type-product","3":"status-publish","4":"has-post-thumbnail","6":"product_cat-arbres-et-arbustes-persistants","7":"product_tag-naturelle","8":"product_tag-demi-tige","9":"product_tag-tige","10":"product_tag-tige-espalier","11":"product_tag-tige-plateau-dombrage","12":"pa_altezza-massima-300-fr-2","13":"pa_altezza-massima-500-fr","14":"pa_colore-fioritura-blanc","15":"pa_condizionamento-clt-fr","16":"pa_condizionamento-vs-fr","17":"pa_condizionamento-motte","18":"pa_famiglia-magnoliaceae-fr","19":"pa_genere-magnolia-fr","20":"pa_origine-france-fr","21":"pa_periodo-fioritura-juillet","22":"pa_periodo-fioritura-juin","23":"pa_portamento-de-colonne","24":"pa_profumo-intense-fr","25":"pa_resistenza-climatica-moyenne-elevee","26":"pa_utilizzo-petits-jardins","28":"first","29":"instock","30":"purchasable","31":"product-type-simple"},"acf":[],"_links":{"self":[{"href":"https:\/\/innocentiemangonipiante.it\/fr\/wp-json\/wp\/v2\/product\/13009","targetHints":{"allow":["GET"]}}],"collection":[{"href":"https:\/\/innocentiemangonipiante.it\/fr\/wp-json\/wp\/v2\/product"}],"about":[{"href":"https:\/\/innocentiemangonipiante.it\/fr\/wp-json\/wp\/v2\/types\/product"}],"wp:featuredmedia":[{"embeddable":true,"href":"https:\/\/innocentiemangonipiante.it\/fr\/wp-json\/wp\/v2\/media\/3884"}],"wp:attachment":[{"href":"https:\/\/innocentiemangonipiante.it\/fr\/wp-json\/wp\/v2\/media?parent=13009"}],"wp:term":[{"taxonomy":"product_brand","embeddable":true,"href":"https:\/\/innocentiemangonipiante.it\/fr\/wp-json\/wp\/v2\/product_brand?post=13009"},{"taxonomy":"product_cat","embeddable":true,"href":"https:\/\/innocentiemangonipiante.it\/fr\/wp-json\/wp\/v2\/product_cat?post=13009"},{"taxonomy":"product_tag","embeddable":true,"href":"https:\/\/innocentiemangonipiante.it\/fr\/wp-json\/wp\/v2\/product_tag?post=13009"}],"curies":[{"name":"wp","href":"https:\/\/api.w.org\/{rel}","templated":true}]}}