{"id":13010,"date":"2023-11-04T01:44:51","date_gmt":"2023-11-04T00:44:51","guid":{"rendered":"http:\/\/innocentiemangonipiante.it\/magnolia-grandiflora-alta\/"},"modified":"2023-11-06T15:10:49","modified_gmt":"2023-11-06T14:10:49","slug":"magnolia-grandiflora-alta","status":"publish","type":"product","link":"https:\/\/innocentiemangonipiante.it\/fr\/magnolia-grandiflora-alta\/","title":{"rendered":"MAGNOLIA grandiflora &lsquo;Alta&rsquo; \u00ae"},"content":{"rendered":"<p>Magnifique vari\u00e9t\u00e9 \u00e0 la v\u00e9g\u00e9tation intense et au port colonnaire. D\u00e8s le d\u00e9but de l\u2019\u00e9t\u00e9, apparaissent de grandes fleurs (20-25 cm) de couleur blanc cr\u00e8me, particuli\u00e8rement parfum\u00e9es. Les feuilles persistantes sont plus \u00e9troites par rapport \u00e0 l\u2019esp\u00e8ce, vert intense et clair sur la tranche sup\u00e9rieure, marron rouille au dos.<\/p>\n","protected":false},"excerpt":{"rendered":"<p>Magnifique vari\u00e9t\u00e9 \u00e0 la v\u00e9g\u00e9tation intense et au port colonnaire. D\u00e8s le d\u00e9but de l\u2019\u00e9t\u00e9, apparaissent de grandes fleurs (20-25 cm) de couleur blanc cr\u00e8me, particuli\u00e8rement parfum\u00e9es. Les feuilles persistantes sont plus \u00e9troites par rapport \u00e0 l\u2019esp\u00e8ce, vert intense et clair sur la tranche sup\u00e9rieure, marron rouille au dos.<\/p>\n","protected":false},"featured_media":3878,"template":"","meta":{"_acf_changed":false},"product_brand":[],"product_cat":[8817],"product_tag":[10897,8400],"class_list":{"0":"post-13010","1":"product","2":"type-product","3":"status-publish","4":"has-post-thumbnail","6":"product_cat-arbres-et-arbustes-persistants","7":"product_tag-naturelle","8":"product_tag-tige","9":"pa_altezza-massima-300-fr-2","10":"pa_altezza-massima-500-fr","11":"pa_colore-fioritura-blanc","12":"pa_condizionamento-clt-fr","13":"pa_condizionamento-vs-fr","14":"pa_famiglia-magnoliaceae-fr","15":"pa_genere-magnolia-fr","16":"pa_origine-origine-delle-piante-u-s-a","17":"pa_periodo-fioritura-juillet","18":"pa_periodo-fioritura-juin","19":"pa_portamento-de-colonne","20":"pa_profumo-intense-fr","21":"pa_resistenza-climatica-tres-elevee","22":"pa_resistenza-del-suolo-resistant-au-sol-humide","23":"pa_utilizzo-petits-jardins","25":"first","26":"instock","27":"purchasable","28":"product-type-simple"},"acf":[],"_links":{"self":[{"href":"https:\/\/innocentiemangonipiante.it\/fr\/wp-json\/wp\/v2\/product\/13010","targetHints":{"allow":["GET"]}}],"collection":[{"href":"https:\/\/innocentiemangonipiante.it\/fr\/wp-json\/wp\/v2\/product"}],"about":[{"href":"https:\/\/innocentiemangonipiante.it\/fr\/wp-json\/wp\/v2\/types\/product"}],"wp:featuredmedia":[{"embeddable":true,"href":"https:\/\/innocentiemangonipiante.it\/fr\/wp-json\/wp\/v2\/media\/3878"}],"wp:attachment":[{"href":"https:\/\/innocentiemangonipiante.it\/fr\/wp-json\/wp\/v2\/media?parent=13010"}],"wp:term":[{"taxonomy":"product_brand","embeddable":true,"href":"https:\/\/innocentiemangonipiante.it\/fr\/wp-json\/wp\/v2\/product_brand?post=13010"},{"taxonomy":"product_cat","embeddable":true,"href":"https:\/\/innocentiemangonipiante.it\/fr\/wp-json\/wp\/v2\/product_cat?post=13010"},{"taxonomy":"product_tag","embeddable":true,"href":"https:\/\/innocentiemangonipiante.it\/fr\/wp-json\/wp\/v2\/product_tag?post=13010"}],"curies":[{"name":"wp","href":"https:\/\/api.w.org\/{rel}","templated":true}]}}