{"id":13013,"date":"2023-11-04T01:47:10","date_gmt":"2023-11-04T00:47:10","guid":{"rendered":"http:\/\/innocentiemangonipiante.it\/magnolia-x-elizabeth\/"},"modified":"2023-11-06T15:12:27","modified_gmt":"2023-11-06T14:12:27","slug":"magnolia-x-elizabeth","status":"publish","type":"product","link":"https:\/\/innocentiemangonipiante.it\/fr\/magnolia-x-elizabeth\/","title":{"rendered":"MAGNOLIA x &lsquo;Elizabeth&rsquo;"},"content":{"rendered":"<p>Grand arbuste caduc au port conique, avec des feuilles ouates, longues jusqu\u2019\u00e0 atteindre 20 cm de couleur vert fonc\u00e9. Il produit des fleurs \u00e0 coupe de couleur jaune clair larges jusqu\u2019\u00e0 atteindre 15 cm.<\/p>\n","protected":false},"excerpt":{"rendered":"<p>Grand arbuste caduc au port conique, avec des feuilles ouates, longues jusqu\u2019\u00e0 atteindre 20 cm de couleur vert fonc\u00e9. Il produit des fleurs \u00e0 coupe de couleur jaune clair larges jusqu\u2019\u00e0 atteindre 15 cm.<\/p>\n","protected":false},"featured_media":3931,"template":"","meta":{"_acf_changed":false},"product_brand":[],"product_cat":[8817],"product_tag":[10897,8400],"class_list":{"0":"post-13013","1":"product","2":"type-product","3":"status-publish","4":"has-post-thumbnail","6":"product_cat-arbres-et-arbustes-persistants","7":"product_tag-naturelle","8":"product_tag-tige","9":"pa_altezza-massima-800-fr","10":"pa_altezza-massima-1000-fr-2","11":"pa_colore-fioritura-jaune","12":"pa_condizionamento-motte","13":"pa_famiglia-magnoliaceae-fr","14":"pa_genere-magnolia-fr","15":"pa_origine-europe-fr","16":"pa_periodo-fioritura-avril","17":"pa_periodo-fioritura-mars","18":"pa_portamento-piramidale-fr","19":"pa_profumo-intense-fr","20":"pa_resistenza-climatica-moyenne-elevee","21":"pa_resistenza-del-suolo-resistant-au-sol-humide","22":"pa_utilizzo-parcs","24":"first","25":"instock","26":"purchasable","27":"product-type-simple"},"acf":[],"_links":{"self":[{"href":"https:\/\/innocentiemangonipiante.it\/fr\/wp-json\/wp\/v2\/product\/13013","targetHints":{"allow":["GET"]}}],"collection":[{"href":"https:\/\/innocentiemangonipiante.it\/fr\/wp-json\/wp\/v2\/product"}],"about":[{"href":"https:\/\/innocentiemangonipiante.it\/fr\/wp-json\/wp\/v2\/types\/product"}],"wp:featuredmedia":[{"embeddable":true,"href":"https:\/\/innocentiemangonipiante.it\/fr\/wp-json\/wp\/v2\/media\/3931"}],"wp:attachment":[{"href":"https:\/\/innocentiemangonipiante.it\/fr\/wp-json\/wp\/v2\/media?parent=13013"}],"wp:term":[{"taxonomy":"product_brand","embeddable":true,"href":"https:\/\/innocentiemangonipiante.it\/fr\/wp-json\/wp\/v2\/product_brand?post=13013"},{"taxonomy":"product_cat","embeddable":true,"href":"https:\/\/innocentiemangonipiante.it\/fr\/wp-json\/wp\/v2\/product_cat?post=13013"},{"taxonomy":"product_tag","embeddable":true,"href":"https:\/\/innocentiemangonipiante.it\/fr\/wp-json\/wp\/v2\/product_tag?post=13013"}],"curies":[{"name":"wp","href":"https:\/\/api.w.org\/{rel}","templated":true}]}}