{"id":13015,"date":"2023-11-04T01:47:03","date_gmt":"2023-11-04T00:47:03","guid":{"rendered":"http:\/\/innocentiemangonipiante.it\/magnolia-x-betty\/"},"modified":"2023-11-06T15:12:23","modified_gmt":"2023-11-06T14:12:23","slug":"magnolia-x-betty","status":"publish","type":"product","link":"https:\/\/innocentiemangonipiante.it\/fr\/magnolia-x-betty\/","title":{"rendered":"MAGNOLIA x &lsquo;Betty&rsquo;"},"content":{"rendered":"<p>Arbuste caduc, au port arrondi, vigoureux avec feuilles ovales jusqu\u2019\u00e0 15 cm de couleur vert moyen. Vers la moiti\u00e9 du printemps il produit, avant la nouvelle pousse, des grandes fleurs blanches dedans et rouge pourpre dehors, \u00e0 la forme de coupe de 20 cm de largeur.<\/p>\n","protected":false},"excerpt":{"rendered":"<p>Arbuste caduc, au port arrondi, vigoureux avec feuilles ovales jusqu\u2019\u00e0 15 cm de couleur vert moyen. Vers la moiti\u00e9 du printemps il produit, avant la nouvelle pousse, des grandes fleurs blanches dedans et rouge pourpre dehors, \u00e0 la forme de coupe de 20 cm de largeur.<\/p>\n","protected":false},"featured_media":3925,"template":"","meta":{"_acf_changed":false},"product_brand":[],"product_cat":[8817],"product_tag":[10897],"class_list":{"0":"post-13015","1":"product","2":"type-product","3":"status-publish","4":"has-post-thumbnail","6":"product_cat-arbres-et-arbustes-persistants","7":"product_tag-naturelle","8":"pa_altezza-massima-300-fr-2","9":"pa_altezza-massima-500-fr","10":"pa_colore-fioritura-rouge","11":"pa_condizionamento-clt-fr","12":"pa_famiglia-magnoliaceae-fr","13":"pa_genere-magnolia-fr","14":"pa_origine-origine-delle-piante-u-s-a","15":"pa_periodo-fioritura-avril","16":"pa_periodo-fioritura-mars","17":"pa_portamento-arrondi","18":"pa_profumo-delicat","19":"pa_resistenza-climatica-tres-elevee","20":"pa_resistenza-del-suolo-resistant-au-sol-humide","21":"pa_utilizzo-petits-jardins","23":"first","24":"instock","25":"purchasable","26":"product-type-simple"},"acf":[],"_links":{"self":[{"href":"https:\/\/innocentiemangonipiante.it\/fr\/wp-json\/wp\/v2\/product\/13015","targetHints":{"allow":["GET"]}}],"collection":[{"href":"https:\/\/innocentiemangonipiante.it\/fr\/wp-json\/wp\/v2\/product"}],"about":[{"href":"https:\/\/innocentiemangonipiante.it\/fr\/wp-json\/wp\/v2\/types\/product"}],"wp:featuredmedia":[{"embeddable":true,"href":"https:\/\/innocentiemangonipiante.it\/fr\/wp-json\/wp\/v2\/media\/3925"}],"wp:attachment":[{"href":"https:\/\/innocentiemangonipiante.it\/fr\/wp-json\/wp\/v2\/media?parent=13015"}],"wp:term":[{"taxonomy":"product_brand","embeddable":true,"href":"https:\/\/innocentiemangonipiante.it\/fr\/wp-json\/wp\/v2\/product_brand?post=13015"},{"taxonomy":"product_cat","embeddable":true,"href":"https:\/\/innocentiemangonipiante.it\/fr\/wp-json\/wp\/v2\/product_cat?post=13015"},{"taxonomy":"product_tag","embeddable":true,"href":"https:\/\/innocentiemangonipiante.it\/fr\/wp-json\/wp\/v2\/product_tag?post=13015"}],"curies":[{"name":"wp","href":"https:\/\/api.w.org\/{rel}","templated":true}]}}