{"id":13016,"date":"2023-11-04T01:50:00","date_gmt":"2023-11-04T00:50:00","guid":{"rendered":"http:\/\/innocentiemangonipiante.it\/mahonia-x-media-winter-sun\/"},"modified":"2023-11-06T15:13:43","modified_gmt":"2023-11-06T14:13:43","slug":"mahonia-x-media-winter-sun","status":"publish","type":"product","link":"https:\/\/innocentiemangonipiante.it\/fr\/mahonia-x-media-winter-sun\/","title":{"rendered":"MAHONIA x media &lsquo;Winter Sun&rsquo;"},"content":{"rendered":"<p>Arbuste persistant \u00e9rig\u00e9 aux feuilles penn\u00e9es et dentel\u00e9es de couleur verte de la fin de l\u2019automne \u00e0 la fin de l\u2019hiver, il donne des fleurs de couleur jaune vif.<\/p>\n","protected":false},"excerpt":{"rendered":"<p>Arbuste persistant \u00e9rig\u00e9 aux feuilles penn\u00e9es et dentel\u00e9es de couleur verte de la fin de l\u2019automne \u00e0 la fin de l\u2019hiver, il donne des fleurs de couleur jaune vif.<\/p>\n","protected":false},"featured_media":4012,"template":"","meta":{"_acf_changed":false},"product_brand":[],"product_cat":[8817],"product_tag":[10897],"class_list":{"0":"post-13016","1":"product","2":"type-product","3":"status-publish","4":"has-post-thumbnail","6":"product_cat-arbres-et-arbustes-persistants","7":"product_tag-naturelle","8":"pa_altezza-massima-300-fr-2","9":"pa_altezza-massima-500-fr","10":"pa_colore-fioritura-jaune","11":"pa_condizionamento-clt-fr","12":"pa_condizionamento-vs-fr","13":"pa_condizionamento-motte","14":"pa_famiglia-berberidaceae-fr","15":"pa_genere-mahonia-fr","16":"pa_inquinamento-resistance-a-la-pollution","17":"pa_origine-irlande","18":"pa_periodo-fioritura-decembre","19":"pa_periodo-fioritura-fevrier","20":"pa_periodo-fioritura-janvier","21":"pa_periodo-fioritura-novembre-fr","22":"pa_portamento-eretto-fr","23":"pa_resistenza-climatica-tres-elevee","24":"pa_salinita-resistance-a-la-salinisation","25":"pa_utilizzo-haies","26":"pa_utilizzo-parcs","27":"pa_utilizzo-petits-jardins","29":"first","30":"instock","31":"purchasable","32":"product-type-simple"},"acf":[],"_links":{"self":[{"href":"https:\/\/innocentiemangonipiante.it\/fr\/wp-json\/wp\/v2\/product\/13016","targetHints":{"allow":["GET"]}}],"collection":[{"href":"https:\/\/innocentiemangonipiante.it\/fr\/wp-json\/wp\/v2\/product"}],"about":[{"href":"https:\/\/innocentiemangonipiante.it\/fr\/wp-json\/wp\/v2\/types\/product"}],"wp:featuredmedia":[{"embeddable":true,"href":"https:\/\/innocentiemangonipiante.it\/fr\/wp-json\/wp\/v2\/media\/4012"}],"wp:attachment":[{"href":"https:\/\/innocentiemangonipiante.it\/fr\/wp-json\/wp\/v2\/media?parent=13016"}],"wp:term":[{"taxonomy":"product_brand","embeddable":true,"href":"https:\/\/innocentiemangonipiante.it\/fr\/wp-json\/wp\/v2\/product_brand?post=13016"},{"taxonomy":"product_cat","embeddable":true,"href":"https:\/\/innocentiemangonipiante.it\/fr\/wp-json\/wp\/v2\/product_cat?post=13016"},{"taxonomy":"product_tag","embeddable":true,"href":"https:\/\/innocentiemangonipiante.it\/fr\/wp-json\/wp\/v2\/product_tag?post=13016"}],"curies":[{"name":"wp","href":"https:\/\/api.w.org\/{rel}","templated":true}]}}