{"id":13017,"date":"2023-11-04T01:49:54","date_gmt":"2023-11-04T00:49:54","guid":{"rendered":"http:\/\/innocentiemangonipiante.it\/mahonia-x-media-charity\/"},"modified":"2023-11-06T15:13:39","modified_gmt":"2023-11-06T14:13:39","slug":"mahonia-x-media-charity","status":"publish","type":"product","link":"https:\/\/innocentiemangonipiante.it\/fr\/mahonia-x-media-charity\/","title":{"rendered":"MAHONIA x media &lsquo;Charity&rsquo;"},"content":{"rendered":"<p>Arbuste persistant \u00e9rig\u00e9 aux feuilles penn\u00e9es portant un maximum de 21 folioles, ov\u00e9es \u00e0 lanc\u00e9ol\u00e9es, dentel\u00e9es, de couleur verte. De la fin de l\u2019automne \u00e0 la fin de l\u2019hiver, il donne des fleurs de couleur jaune citron.<\/p>\n","protected":false},"excerpt":{"rendered":"<p>Arbuste persistant \u00e9rig\u00e9 aux feuilles penn\u00e9es portant un maximum de 21 folioles, ov\u00e9es \u00e0 lanc\u00e9ol\u00e9es, dentel\u00e9es, de couleur verte. De la fin de l\u2019automne \u00e0 la fin de l\u2019hiver, il donne des fleurs de couleur jaune citron.<\/p>\n","protected":false},"featured_media":4006,"template":"","meta":{"_acf_changed":false},"product_brand":[],"product_cat":[8817],"product_tag":[10897],"class_list":{"0":"post-13017","1":"product","2":"type-product","3":"status-publish","4":"has-post-thumbnail","6":"product_cat-arbres-et-arbustes-persistants","7":"product_tag-naturelle","8":"pa_altezza-massima-300-fr-2","9":"pa_altezza-massima-500-fr","10":"pa_colore-fioritura-jaune","11":"pa_condizionamento-clt-fr","12":"pa_condizionamento-vs-fr","13":"pa_condizionamento-motte","14":"pa_famiglia-berberidaceae-fr","15":"pa_genere-mahonia-fr","16":"pa_inquinamento-resistance-a-la-pollution","17":"pa_origine-angleterre","18":"pa_periodo-fioritura-decembre","19":"pa_periodo-fioritura-fevrier","20":"pa_periodo-fioritura-janvier","21":"pa_periodo-fioritura-novembre-fr","22":"pa_portamento-eretto-fr","23":"pa_resistenza-climatica-tres-elevee","24":"pa_salinita-resistance-a-la-salinisation","25":"pa_utilizzo-haies","26":"pa_utilizzo-parcs","27":"pa_utilizzo-petits-jardins","29":"first","30":"instock","31":"purchasable","32":"product-type-simple"},"acf":[],"_links":{"self":[{"href":"https:\/\/innocentiemangonipiante.it\/fr\/wp-json\/wp\/v2\/product\/13017","targetHints":{"allow":["GET"]}}],"collection":[{"href":"https:\/\/innocentiemangonipiante.it\/fr\/wp-json\/wp\/v2\/product"}],"about":[{"href":"https:\/\/innocentiemangonipiante.it\/fr\/wp-json\/wp\/v2\/types\/product"}],"wp:featuredmedia":[{"embeddable":true,"href":"https:\/\/innocentiemangonipiante.it\/fr\/wp-json\/wp\/v2\/media\/4006"}],"wp:attachment":[{"href":"https:\/\/innocentiemangonipiante.it\/fr\/wp-json\/wp\/v2\/media?parent=13017"}],"wp:term":[{"taxonomy":"product_brand","embeddable":true,"href":"https:\/\/innocentiemangonipiante.it\/fr\/wp-json\/wp\/v2\/product_brand?post=13017"},{"taxonomy":"product_cat","embeddable":true,"href":"https:\/\/innocentiemangonipiante.it\/fr\/wp-json\/wp\/v2\/product_cat?post=13017"},{"taxonomy":"product_tag","embeddable":true,"href":"https:\/\/innocentiemangonipiante.it\/fr\/wp-json\/wp\/v2\/product_tag?post=13017"}],"curies":[{"name":"wp","href":"https:\/\/api.w.org\/{rel}","templated":true}]}}