{"id":13018,"date":"2023-11-04T01:49:47","date_gmt":"2023-11-04T00:49:47","guid":{"rendered":"http:\/\/innocentiemangonipiante.it\/mahonia-japonica\/"},"modified":"2023-11-06T15:13:37","modified_gmt":"2023-11-06T14:13:37","slug":"mahonia-japonica","status":"publish","type":"product","link":"https:\/\/innocentiemangonipiante.it\/fr\/mahonia-japonica\/","title":{"rendered":"MAHONIA japonica"},"content":{"rendered":"<p>Arbuste persistant, \u00e9rig\u00e9, aux feuilles penn\u00e9es portant un maximum de 19 folioles dentel\u00e9es. De la fin de l\u2019automne au d\u00e9but du printemps, il donne des fleurs jaunes clair parfum\u00e9es suivies de baies ovo\u00efdes de couleur bleu-pourpre.<\/p>\n","protected":false},"excerpt":{"rendered":"<p>Arbuste persistant, \u00e9rig\u00e9, aux feuilles penn\u00e9es portant un maximum de 19 folioles dentel\u00e9es. De la fin de l\u2019automne au d\u00e9but du printemps, il donne des fleurs jaunes clair parfum\u00e9es suivies de baies ovo\u00efdes de couleur bleu-pourpre.<\/p>\n","protected":false},"featured_media":4000,"template":"","meta":{"_acf_changed":false},"product_brand":[],"product_cat":[8817],"product_tag":[10897],"class_list":{"0":"post-13018","1":"product","2":"type-product","3":"status-publish","4":"has-post-thumbnail","6":"product_cat-arbres-et-arbustes-persistants","7":"product_tag-naturelle","8":"pa_altezza-massima-150-fr","9":"pa_altezza-massima-200-fr","10":"pa_colore-fioritura-jaune","11":"pa_condizionamento-motte","12":"pa_famiglia-berberidaceae-fr","13":"pa_genere-mahonia-fr","14":"pa_inquinamento-resistance-a-la-pollution","15":"pa_origine-chine","16":"pa_periodo-fioritura-decembre","17":"pa_periodo-fioritura-fevrier","18":"pa_periodo-fioritura-janvier","19":"pa_periodo-fioritura-mars","20":"pa_periodo-fioritura-novembre-fr","21":"pa_portamento-eretto-fr","22":"pa_profumo-delicat","23":"pa_resistenza-climatica-tres-elevee","24":"pa_salinita-resistance-a-la-salinisation","25":"pa_utilizzo-haies","26":"pa_utilizzo-parcs","27":"pa_utilizzo-petits-jardins","29":"first","30":"instock","31":"purchasable","32":"product-type-simple"},"acf":[],"_links":{"self":[{"href":"https:\/\/innocentiemangonipiante.it\/fr\/wp-json\/wp\/v2\/product\/13018","targetHints":{"allow":["GET"]}}],"collection":[{"href":"https:\/\/innocentiemangonipiante.it\/fr\/wp-json\/wp\/v2\/product"}],"about":[{"href":"https:\/\/innocentiemangonipiante.it\/fr\/wp-json\/wp\/v2\/types\/product"}],"wp:featuredmedia":[{"embeddable":true,"href":"https:\/\/innocentiemangonipiante.it\/fr\/wp-json\/wp\/v2\/media\/4000"}],"wp:attachment":[{"href":"https:\/\/innocentiemangonipiante.it\/fr\/wp-json\/wp\/v2\/media?parent=13018"}],"wp:term":[{"taxonomy":"product_brand","embeddable":true,"href":"https:\/\/innocentiemangonipiante.it\/fr\/wp-json\/wp\/v2\/product_brand?post=13018"},{"taxonomy":"product_cat","embeddable":true,"href":"https:\/\/innocentiemangonipiante.it\/fr\/wp-json\/wp\/v2\/product_cat?post=13018"},{"taxonomy":"product_tag","embeddable":true,"href":"https:\/\/innocentiemangonipiante.it\/fr\/wp-json\/wp\/v2\/product_tag?post=13018"}],"curies":[{"name":"wp","href":"https:\/\/api.w.org\/{rel}","templated":true}]}}