{"id":13020,"date":"2023-11-04T01:49:21","date_gmt":"2023-11-04T00:49:21","guid":{"rendered":"http:\/\/innocentiemangonipiante.it\/mahonia-aquifolium\/"},"modified":"2023-11-06T15:13:27","modified_gmt":"2023-11-06T14:13:27","slug":"mahonia-aquifolium","status":"publish","type":"product","link":"https:\/\/innocentiemangonipiante.it\/fr\/mahonia-aquifolium\/","title":{"rendered":"MAHONIA aquifolium"},"content":{"rendered":"<p>Arbuste persistant aux feuilles penn\u00e9es ayant un maximum de 9 folioles ov\u00e9es avec des dents \u00e9pineuses de couleur verte et rouge-pourpre en hiver. Au printemps, apparaissent des fleurs jaunes suivies de baies sph\u00e9riques de couleur bleu-noir.<\/p>\n","protected":false},"excerpt":{"rendered":"<p>Arbuste persistant aux feuilles penn\u00e9es ayant un maximum de 9 folioles ov\u00e9es avec des dents \u00e9pineuses de couleur verte et rouge-pourpre en hiver. Au printemps, apparaissent des fleurs jaunes suivies de baies sph\u00e9riques de couleur bleu-noir.<\/p>\n","protected":false},"featured_media":3988,"template":"","meta":{"_acf_changed":false},"product_brand":[],"product_cat":[8817],"product_tag":[10897],"class_list":{"0":"post-13020","1":"product","2":"type-product","3":"status-publish","4":"has-post-thumbnail","6":"product_cat-arbres-et-arbustes-persistants","7":"product_tag-naturelle","8":"pa_altezza-massima-100-fr","9":"pa_altezza-massima-150-fr","10":"pa_colore-fioritura-jaune","11":"pa_condizionamento-clt-fr","12":"pa_condizionamento-motte","13":"pa_famiglia-berberidaceae-fr","14":"pa_genere-mahonia-fr","15":"pa_inquinamento-resistance-a-la-pollution","16":"pa_origine-origine-delle-piante-u-s-a","17":"pa_periodo-fioritura-mars","18":"pa_periodo-fruttificazione-avril","19":"pa_portamento-cespuglioso-fr","20":"pa_resistenza-climatica-tres-elevee","21":"pa_resistenza-del-suolo-resistant-aux-sols-calcaires","22":"pa_salinita-resistance-a-la-salinisation","23":"pa_utilizzo-balcons","24":"pa_utilizzo-haies","25":"pa_utilizzo-parcs","26":"pa_utilizzo-petits-jardins","28":"first","29":"instock","30":"purchasable","31":"product-type-simple"},"acf":[],"_links":{"self":[{"href":"https:\/\/innocentiemangonipiante.it\/fr\/wp-json\/wp\/v2\/product\/13020","targetHints":{"allow":["GET"]}}],"collection":[{"href":"https:\/\/innocentiemangonipiante.it\/fr\/wp-json\/wp\/v2\/product"}],"about":[{"href":"https:\/\/innocentiemangonipiante.it\/fr\/wp-json\/wp\/v2\/types\/product"}],"wp:featuredmedia":[{"embeddable":true,"href":"https:\/\/innocentiemangonipiante.it\/fr\/wp-json\/wp\/v2\/media\/3988"}],"wp:attachment":[{"href":"https:\/\/innocentiemangonipiante.it\/fr\/wp-json\/wp\/v2\/media?parent=13020"}],"wp:term":[{"taxonomy":"product_brand","embeddable":true,"href":"https:\/\/innocentiemangonipiante.it\/fr\/wp-json\/wp\/v2\/product_brand?post=13020"},{"taxonomy":"product_cat","embeddable":true,"href":"https:\/\/innocentiemangonipiante.it\/fr\/wp-json\/wp\/v2\/product_cat?post=13020"},{"taxonomy":"product_tag","embeddable":true,"href":"https:\/\/innocentiemangonipiante.it\/fr\/wp-json\/wp\/v2\/product_tag?post=13020"}],"curies":[{"name":"wp","href":"https:\/\/api.w.org\/{rel}","templated":true}]}}