{"id":13023,"date":"2023-11-04T01:51:26","date_gmt":"2023-11-04T00:51:26","guid":{"rendered":"http:\/\/innocentiemangonipiante.it\/malus-x-robusta-red-sentinel\/"},"modified":"2023-11-06T15:14:51","modified_gmt":"2023-11-06T14:14:51","slug":"malus-x-robusta-red-sentinel","status":"publish","type":"product","link":"https:\/\/innocentiemangonipiante.it\/fr\/malus-x-robusta-red-sentinel\/","title":{"rendered":"MALUS x robusta &lsquo;Red Sentinel&rsquo;"},"content":{"rendered":"<p>Arbre largement \u00e9rig\u00e9 avec feuilles ov\u00e9es, vertes fonc\u00e9, jusqu\u2019\u00e0 8 cm de longueur. \u00c0 la fin de l\u2019\u00e9t\u00e9 il produit des fleurs blanches suivies par des fruits de couleur rouge\/jaune apr\u00e8s rouge fonc\u00e9.<\/p>\n","protected":false},"excerpt":{"rendered":"<p>Arbre largement \u00e9rig\u00e9 avec feuilles ov\u00e9es, vertes fonc\u00e9, jusqu\u2019\u00e0 8 cm de longueur. \u00c0 la fin de l\u2019\u00e9t\u00e9 il produit des fleurs blanches suivies par des fruits de couleur rouge\/jaune apr\u00e8s rouge fonc\u00e9.<\/p>\n","protected":false},"featured_media":4050,"template":"","meta":{"_acf_changed":false},"product_brand":[],"product_cat":[8812],"product_tag":[10897,8400],"class_list":{"0":"post-13023","1":"product","2":"type-product","3":"status-publish","4":"has-post-thumbnail","6":"product_cat-arbres-et-arbustes-a-feuilles-caduques","7":"product_tag-naturelle","8":"product_tag-tige","9":"pa_altezza-massima-400-fr","10":"pa_altezza-massima-600-fr","11":"pa_colore-fioritura-blanc","12":"pa_condizionamento-clt-fr","13":"pa_condizionamento-motte","14":"pa_famiglia-rosaceae-fr","15":"pa_genere-malus-fr","16":"pa_origine-nouvelle-zelande-fr","17":"pa_periodo-fioritura-avril","18":"pa_periodo-fioritura-mai","19":"pa_periodo-fruttificazione-octobre","20":"pa_portamento-piramidale-fr","21":"pa_resistenza-climatica-tres-elevee","22":"pa_resistenza-del-suolo-resistant-au-sol-humide","23":"pa_resistenza-del-suolo-resistant-aux-sols-calcaires","24":"pa_utilizzo-parcs","25":"pa_utilizzo-petits-jardins","27":"first","28":"instock","29":"purchasable","30":"product-type-simple"},"acf":[],"_links":{"self":[{"href":"https:\/\/innocentiemangonipiante.it\/fr\/wp-json\/wp\/v2\/product\/13023","targetHints":{"allow":["GET"]}}],"collection":[{"href":"https:\/\/innocentiemangonipiante.it\/fr\/wp-json\/wp\/v2\/product"}],"about":[{"href":"https:\/\/innocentiemangonipiante.it\/fr\/wp-json\/wp\/v2\/types\/product"}],"wp:featuredmedia":[{"embeddable":true,"href":"https:\/\/innocentiemangonipiante.it\/fr\/wp-json\/wp\/v2\/media\/4050"}],"wp:attachment":[{"href":"https:\/\/innocentiemangonipiante.it\/fr\/wp-json\/wp\/v2\/media?parent=13023"}],"wp:term":[{"taxonomy":"product_brand","embeddable":true,"href":"https:\/\/innocentiemangonipiante.it\/fr\/wp-json\/wp\/v2\/product_brand?post=13023"},{"taxonomy":"product_cat","embeddable":true,"href":"https:\/\/innocentiemangonipiante.it\/fr\/wp-json\/wp\/v2\/product_cat?post=13023"},{"taxonomy":"product_tag","embeddable":true,"href":"https:\/\/innocentiemangonipiante.it\/fr\/wp-json\/wp\/v2\/product_tag?post=13023"}],"curies":[{"name":"wp","href":"https:\/\/api.w.org\/{rel}","templated":true}]}}