{"id":13024,"date":"2023-11-04T01:51:20","date_gmt":"2023-11-04T00:51:20","guid":{"rendered":"http:\/\/innocentiemangonipiante.it\/malus-x-purpurea-neville-copeman\/"},"modified":"2023-11-06T15:14:49","modified_gmt":"2023-11-06T14:14:49","slug":"malus-x-purpurea-neville-copeman","status":"publish","type":"product","link":"https:\/\/innocentiemangonipiante.it\/fr\/malus-x-purpurea-neville-copeman\/","title":{"rendered":"MALUS x purpurea &lsquo;Neville Copeman&rsquo;"},"content":{"rendered":"<p>Grandes feuilles vert fonc\u00e9 qui virent au jaune \u00e0 l&rsquo;automne. Fleurs roses fonc\u00e9. Fruits rouges.<\/p>\n","protected":false},"excerpt":{"rendered":"<p>Grandes feuilles vert fonc\u00e9 qui virent au jaune \u00e0 l&rsquo;automne. Fleurs roses fonc\u00e9. Fruits rouges.<\/p>\n","protected":false},"featured_media":0,"template":"","meta":{"_acf_changed":false},"product_brand":[],"product_cat":[8812],"product_tag":[10897,8400],"class_list":{"0":"post-13024","1":"product","2":"type-product","3":"status-publish","5":"product_cat-arbres-et-arbustes-a-feuilles-caduques","6":"product_tag-naturelle","7":"product_tag-tige","8":"pa_altezza-massima-500-fr","9":"pa_altezza-massima-800-fr","10":"pa_colore-fioritura-rose","11":"pa_condizionamento-clt-fr","12":"pa_condizionamento-motte","13":"pa_famiglia-rosaceae-fr","14":"pa_genere-malus-fr","15":"pa_origine-europe-fr","16":"pa_periodo-fioritura-avril","17":"pa_periodo-fioritura-mai","18":"pa_periodo-fruttificazione-octobre","19":"pa_periodo-fruttificazione-septembre","20":"pa_portamento-arrondi","21":"pa_resistenza-climatica-tres-elevee","22":"pa_resistenza-del-suolo-resistant-au-sol-humide","23":"pa_resistenza-del-suolo-resistant-aux-sols-calcaires","24":"pa_utilizzo-parcs","25":"pa_utilizzo-petits-jardins","27":"first","28":"instock","29":"purchasable","30":"product-type-simple"},"acf":[],"_links":{"self":[{"href":"https:\/\/innocentiemangonipiante.it\/fr\/wp-json\/wp\/v2\/product\/13024","targetHints":{"allow":["GET"]}}],"collection":[{"href":"https:\/\/innocentiemangonipiante.it\/fr\/wp-json\/wp\/v2\/product"}],"about":[{"href":"https:\/\/innocentiemangonipiante.it\/fr\/wp-json\/wp\/v2\/types\/product"}],"wp:attachment":[{"href":"https:\/\/innocentiemangonipiante.it\/fr\/wp-json\/wp\/v2\/media?parent=13024"}],"wp:term":[{"taxonomy":"product_brand","embeddable":true,"href":"https:\/\/innocentiemangonipiante.it\/fr\/wp-json\/wp\/v2\/product_brand?post=13024"},{"taxonomy":"product_cat","embeddable":true,"href":"https:\/\/innocentiemangonipiante.it\/fr\/wp-json\/wp\/v2\/product_cat?post=13024"},{"taxonomy":"product_tag","embeddable":true,"href":"https:\/\/innocentiemangonipiante.it\/fr\/wp-json\/wp\/v2\/product_tag?post=13024"}],"curies":[{"name":"wp","href":"https:\/\/api.w.org\/{rel}","templated":true}]}}