{"id":13025,"date":"2023-11-04T01:51:08","date_gmt":"2023-11-04T00:51:08","guid":{"rendered":"http:\/\/innocentiemangonipiante.it\/malus-x-prairi-fire\/"},"modified":"2023-11-06T15:14:44","modified_gmt":"2023-11-06T14:14:44","slug":"malus-x-prairi-fire","status":"publish","type":"product","link":"https:\/\/innocentiemangonipiante.it\/fr\/malus-x-prairi-fire\/","title":{"rendered":"MALUS x &lsquo;Prairi Fire&rsquo;"},"content":{"rendered":"<p>Tr\u00e8s belle esp\u00e8ce de Pommier qui fleurit en Mai, avec boutons cr\u00e8me, qui d\u00e9viennent fleurs violet-rouge. L&rsquo;\u00e9corce, rouge fonc\u00e9, est similaire \u00e0 celle du cerisier. Feuilles rouge orang\u00e9 brillant, fruits en forme de c\u00f4ne en automne. R\u00e9sistante aux maladies. Port dense et arrondi.<\/p>\n","protected":false},"excerpt":{"rendered":"<p>Tr\u00e8s belle esp\u00e8ce de Pommier qui fleurit en Mai, avec boutons cr\u00e8me, qui d\u00e9viennent fleurs violet-rouge. L&rsquo;\u00e9corce, rouge fonc\u00e9, est similaire \u00e0 celle du cerisier. Feuilles rouge orang\u00e9 brillant, fruits en forme de c\u00f4ne en automne. R\u00e9sistante aux maladies. Port dense et arrondi.<\/p>\n","protected":false},"featured_media":4042,"template":"","meta":{"_acf_changed":false},"product_brand":[],"product_cat":[8812],"product_tag":[10897,8400],"class_list":{"0":"post-13025","1":"product","2":"type-product","3":"status-publish","4":"has-post-thumbnail","6":"product_cat-arbres-et-arbustes-a-feuilles-caduques","7":"product_tag-naturelle","8":"product_tag-tige","9":"pa_altezza-massima-400-fr","10":"pa_altezza-massima-600-fr","11":"pa_colore-delle-foglie-rouge","12":"pa_colore-fioritura-rouge","13":"pa_condizionamento-clt-fr","14":"pa_condizionamento-motte","15":"pa_famiglia-rosaceae-fr","16":"pa_genere-malus-fr","17":"pa_origine-origine-delle-piante-u-s-a","18":"pa_periodo-fioritura-mai","19":"pa_periodo-fruttificazione-octobre","20":"pa_periodo-fruttificazione-septembre","21":"pa_portamento-arrondi","22":"pa_resistenza-climatica-tres-elevee","23":"pa_resistenza-del-suolo-resistant-au-sol-humide","24":"pa_resistenza-del-suolo-resistant-aux-sols-calcaires","25":"pa_utilizzo-parcs","26":"pa_utilizzo-petits-jardins","28":"first","29":"instock","30":"purchasable","31":"product-type-simple"},"acf":[],"_links":{"self":[{"href":"https:\/\/innocentiemangonipiante.it\/fr\/wp-json\/wp\/v2\/product\/13025","targetHints":{"allow":["GET"]}}],"collection":[{"href":"https:\/\/innocentiemangonipiante.it\/fr\/wp-json\/wp\/v2\/product"}],"about":[{"href":"https:\/\/innocentiemangonipiante.it\/fr\/wp-json\/wp\/v2\/types\/product"}],"wp:featuredmedia":[{"embeddable":true,"href":"https:\/\/innocentiemangonipiante.it\/fr\/wp-json\/wp\/v2\/media\/4042"}],"wp:attachment":[{"href":"https:\/\/innocentiemangonipiante.it\/fr\/wp-json\/wp\/v2\/media?parent=13025"}],"wp:term":[{"taxonomy":"product_brand","embeddable":true,"href":"https:\/\/innocentiemangonipiante.it\/fr\/wp-json\/wp\/v2\/product_brand?post=13025"},{"taxonomy":"product_cat","embeddable":true,"href":"https:\/\/innocentiemangonipiante.it\/fr\/wp-json\/wp\/v2\/product_cat?post=13025"},{"taxonomy":"product_tag","embeddable":true,"href":"https:\/\/innocentiemangonipiante.it\/fr\/wp-json\/wp\/v2\/product_tag?post=13025"}],"curies":[{"name":"wp","href":"https:\/\/api.w.org\/{rel}","templated":true}]}}