{"id":13028,"date":"2023-11-04T01:54:40","date_gmt":"2023-11-04T00:54:40","guid":{"rendered":"http:\/\/innocentiemangonipiante.it\/mangave-red-wing\/"},"modified":"2023-11-06T15:16:11","modified_gmt":"2023-11-06T14:16:11","slug":"mangave-red-wing","status":"publish","type":"product","link":"https:\/\/innocentiemangonipiante.it\/fr\/mangave-red-wing\/","title":{"rendered":"MANGAVE &lsquo;Red Wing&rsquo; \u00ae"},"content":{"rendered":"<p>Vari\u00e9t\u00e9 aux feuilles initialement vertes qui virent au rouge bordeaux au cours de la croissance, rigides, lanc\u00e9ol\u00e9es et au bord dentel\u00e9.<\/p>\n","protected":false},"excerpt":{"rendered":"<p>Vari\u00e9t\u00e9 aux feuilles initialement vertes qui virent au rouge bordeaux au cours de la croissance, rigides, lanc\u00e9ol\u00e9es et au bord dentel\u00e9.<\/p>\n","protected":false},"featured_media":0,"template":"","meta":{"_acf_changed":false},"product_brand":[],"product_cat":[8833,9230],"product_tag":[10897],"class_list":{"0":"post-13028","1":"product","2":"type-product","3":"status-publish","5":"product_cat-palme-et-succulent","6":"product_cat-arbres-et-plantes-du-futur","7":"product_tag-naturelle","8":"pa_altezza-massima-0_20-metres","9":"pa_altezza-massima-0_25-metres","10":"pa_condizionamento-coupe-fr","11":"pa_famiglia-asparagaceae-fr","12":"pa_genere-mangave-fr","13":"pa_origine-mexique","14":"pa_portamento-eretto-fr","15":"pa_resistenza-climatica-plantes-avec-une-faible-resistance-climatique","16":"pa_utilizzo-balcons","17":"pa_utilizzo-petits-jardins","19":"first","20":"instock","21":"purchasable","22":"product-type-simple"},"acf":[],"_links":{"self":[{"href":"https:\/\/innocentiemangonipiante.it\/fr\/wp-json\/wp\/v2\/product\/13028","targetHints":{"allow":["GET"]}}],"collection":[{"href":"https:\/\/innocentiemangonipiante.it\/fr\/wp-json\/wp\/v2\/product"}],"about":[{"href":"https:\/\/innocentiemangonipiante.it\/fr\/wp-json\/wp\/v2\/types\/product"}],"wp:attachment":[{"href":"https:\/\/innocentiemangonipiante.it\/fr\/wp-json\/wp\/v2\/media?parent=13028"}],"wp:term":[{"taxonomy":"product_brand","embeddable":true,"href":"https:\/\/innocentiemangonipiante.it\/fr\/wp-json\/wp\/v2\/product_brand?post=13028"},{"taxonomy":"product_cat","embeddable":true,"href":"https:\/\/innocentiemangonipiante.it\/fr\/wp-json\/wp\/v2\/product_cat?post=13028"},{"taxonomy":"product_tag","embeddable":true,"href":"https:\/\/innocentiemangonipiante.it\/fr\/wp-json\/wp\/v2\/product_tag?post=13028"}],"curies":[{"name":"wp","href":"https:\/\/api.w.org\/{rel}","templated":true}]}}