{"id":13029,"date":"2023-11-04T01:54:47","date_gmt":"2023-11-04T00:54:47","guid":{"rendered":"http:\/\/innocentiemangonipiante.it\/mangave-silver-fox\/"},"modified":"2023-11-06T15:16:14","modified_gmt":"2023-11-06T14:16:14","slug":"mangave-silver-fox","status":"publish","type":"product","link":"https:\/\/innocentiemangonipiante.it\/fr\/mangave-silver-fox\/","title":{"rendered":"MANGAVE &lsquo;Silver Fox&rsquo;"},"content":{"rendered":"<p>Feuilles gris-vert, \u00e9paisses et arqu\u00e9es aux bords dentel\u00e9s.<\/p>\n","protected":false},"excerpt":{"rendered":"<p>Feuilles gris-vert, \u00e9paisses et arqu\u00e9es aux bords dentel\u00e9s.<\/p>\n","protected":false},"featured_media":4081,"template":"","meta":{"_acf_changed":false},"product_brand":[],"product_cat":[8833,9230],"product_tag":[10897],"class_list":{"0":"post-13029","1":"product","2":"type-product","3":"status-publish","4":"has-post-thumbnail","6":"product_cat-palme-et-succulent","7":"product_cat-arbres-et-plantes-du-futur","8":"product_tag-naturelle","9":"pa_altezza-massima-0_20-metres","10":"pa_altezza-massima-0_25-metres","11":"pa_famiglia-asparagaceae-fr","12":"pa_genere-mangave-fr","13":"pa_origine-mexique","14":"pa_portamento-eretto-fr","15":"pa_resistenza-climatica-plantes-avec-une-faible-resistance-climatique","16":"pa_utilizzo-balcons","17":"pa_utilizzo-petits-jardins","19":"first","20":"instock","21":"purchasable","22":"product-type-simple"},"acf":[],"_links":{"self":[{"href":"https:\/\/innocentiemangonipiante.it\/fr\/wp-json\/wp\/v2\/product\/13029","targetHints":{"allow":["GET"]}}],"collection":[{"href":"https:\/\/innocentiemangonipiante.it\/fr\/wp-json\/wp\/v2\/product"}],"about":[{"href":"https:\/\/innocentiemangonipiante.it\/fr\/wp-json\/wp\/v2\/types\/product"}],"wp:featuredmedia":[{"embeddable":true,"href":"https:\/\/innocentiemangonipiante.it\/fr\/wp-json\/wp\/v2\/media\/4081"}],"wp:attachment":[{"href":"https:\/\/innocentiemangonipiante.it\/fr\/wp-json\/wp\/v2\/media?parent=13029"}],"wp:term":[{"taxonomy":"product_brand","embeddable":true,"href":"https:\/\/innocentiemangonipiante.it\/fr\/wp-json\/wp\/v2\/product_brand?post=13029"},{"taxonomy":"product_cat","embeddable":true,"href":"https:\/\/innocentiemangonipiante.it\/fr\/wp-json\/wp\/v2\/product_cat?post=13029"},{"taxonomy":"product_tag","embeddable":true,"href":"https:\/\/innocentiemangonipiante.it\/fr\/wp-json\/wp\/v2\/product_tag?post=13029"}],"curies":[{"name":"wp","href":"https:\/\/api.w.org\/{rel}","templated":true}]}}