{"id":13030,"date":"2023-11-04T01:54:27","date_gmt":"2023-11-04T00:54:27","guid":{"rendered":"http:\/\/innocentiemangonipiante.it\/mangave-moonglow\/"},"modified":"2023-11-06T15:16:06","modified_gmt":"2023-11-06T14:16:06","slug":"mangave-moonglow","status":"publish","type":"product","link":"https:\/\/innocentiemangonipiante.it\/fr\/mangave-moonglow\/","title":{"rendered":"MANGAVE &lsquo;Moonglow&rsquo; \u00ae"},"content":{"rendered":"<p>Les feuilles bleu-vert argent\u00e9 scintillent de taches violet fonc\u00e9. Les taches seront plus prononc\u00e9es si la plante est expos\u00e9e au plein soleil.<\/p>\n","protected":false},"excerpt":{"rendered":"<p>Les feuilles bleu-vert argent\u00e9 scintillent de taches violet fonc\u00e9. Les taches seront plus prononc\u00e9es si la plante est expos\u00e9e au plein soleil.<\/p>\n","protected":false},"featured_media":4068,"template":"","meta":{"_acf_changed":false},"product_brand":[],"product_cat":[8833,9230],"product_tag":[10897],"class_list":{"0":"post-13030","1":"product","2":"type-product","3":"status-publish","4":"has-post-thumbnail","6":"product_cat-palme-et-succulent","7":"product_cat-arbres-et-plantes-du-futur","8":"product_tag-naturelle","9":"pa_altezza-massima-0_20-metres","10":"pa_altezza-massima-0_25-metres","11":"pa_colore-delle-foglie-panachees","12":"pa_famiglia-asparagaceae-fr","13":"pa_genere-mangave-fr","14":"pa_origine-mexique","15":"pa_portamento-eretto-fr","16":"pa_resistenza-climatica-plantes-avec-une-faible-resistance-climatique","17":"pa_utilizzo-balcons","18":"pa_utilizzo-petits-jardins","20":"first","21":"instock","22":"purchasable","23":"product-type-simple"},"acf":[],"_links":{"self":[{"href":"https:\/\/innocentiemangonipiante.it\/fr\/wp-json\/wp\/v2\/product\/13030","targetHints":{"allow":["GET"]}}],"collection":[{"href":"https:\/\/innocentiemangonipiante.it\/fr\/wp-json\/wp\/v2\/product"}],"about":[{"href":"https:\/\/innocentiemangonipiante.it\/fr\/wp-json\/wp\/v2\/types\/product"}],"wp:featuredmedia":[{"embeddable":true,"href":"https:\/\/innocentiemangonipiante.it\/fr\/wp-json\/wp\/v2\/media\/4068"}],"wp:attachment":[{"href":"https:\/\/innocentiemangonipiante.it\/fr\/wp-json\/wp\/v2\/media?parent=13030"}],"wp:term":[{"taxonomy":"product_brand","embeddable":true,"href":"https:\/\/innocentiemangonipiante.it\/fr\/wp-json\/wp\/v2\/product_brand?post=13030"},{"taxonomy":"product_cat","embeddable":true,"href":"https:\/\/innocentiemangonipiante.it\/fr\/wp-json\/wp\/v2\/product_cat?post=13030"},{"taxonomy":"product_tag","embeddable":true,"href":"https:\/\/innocentiemangonipiante.it\/fr\/wp-json\/wp\/v2\/product_tag?post=13030"}],"curies":[{"name":"wp","href":"https:\/\/api.w.org\/{rel}","templated":true}]}}