{"id":13031,"date":"2023-11-04T01:54:34","date_gmt":"2023-11-04T00:54:34","guid":{"rendered":"http:\/\/innocentiemangonipiante.it\/mangave-pineapple-express\/"},"modified":"2023-11-06T15:16:09","modified_gmt":"2023-11-06T14:16:09","slug":"mangave-pineapple-express","status":"publish","type":"product","link":"https:\/\/innocentiemangonipiante.it\/fr\/mangave-pineapple-express\/","title":{"rendered":"MANGAVE &lsquo;Pineapple Express&rsquo; \u00ae"},"content":{"rendered":"<p>Sa posture pointue rappelle la v\u00e9g\u00e9tation d&rsquo;un ananas. Feuilles larges, vert fonc\u00e9, longues et fines, tachet\u00e9es de brun fonc\u00e9.<\/p>\n","protected":false},"excerpt":{"rendered":"<p>Sa posture pointue rappelle la v\u00e9g\u00e9tation d&rsquo;un ananas. Feuilles larges, vert fonc\u00e9, longues et fines, tachet\u00e9es de brun fonc\u00e9.<\/p>\n","protected":false},"featured_media":4074,"template":"","meta":{"_acf_changed":false},"product_brand":[],"product_cat":[8833,9230],"product_tag":[10897],"class_list":{"0":"post-13031","1":"product","2":"type-product","3":"status-publish","4":"has-post-thumbnail","6":"product_cat-palme-et-succulent","7":"product_cat-arbres-et-plantes-du-futur","8":"product_tag-naturelle","9":"pa_altezza-massima-0_20-metres","10":"pa_altezza-massima-0_25-metres","11":"pa_colore-delle-foglie-panachees","12":"pa_famiglia-asparagaceae-fr","13":"pa_genere-mangave-fr","14":"pa_origine-mexique","15":"pa_portamento-eretto-fr","16":"pa_resistenza-climatica-tres-faible","17":"pa_utilizzo-balcons","18":"pa_utilizzo-petits-jardins","20":"first","21":"instock","22":"purchasable","23":"product-type-simple"},"acf":[],"_links":{"self":[{"href":"https:\/\/innocentiemangonipiante.it\/fr\/wp-json\/wp\/v2\/product\/13031","targetHints":{"allow":["GET"]}}],"collection":[{"href":"https:\/\/innocentiemangonipiante.it\/fr\/wp-json\/wp\/v2\/product"}],"about":[{"href":"https:\/\/innocentiemangonipiante.it\/fr\/wp-json\/wp\/v2\/types\/product"}],"wp:featuredmedia":[{"embeddable":true,"href":"https:\/\/innocentiemangonipiante.it\/fr\/wp-json\/wp\/v2\/media\/4074"}],"wp:attachment":[{"href":"https:\/\/innocentiemangonipiante.it\/fr\/wp-json\/wp\/v2\/media?parent=13031"}],"wp:term":[{"taxonomy":"product_brand","embeddable":true,"href":"https:\/\/innocentiemangonipiante.it\/fr\/wp-json\/wp\/v2\/product_brand?post=13031"},{"taxonomy":"product_cat","embeddable":true,"href":"https:\/\/innocentiemangonipiante.it\/fr\/wp-json\/wp\/v2\/product_cat?post=13031"},{"taxonomy":"product_tag","embeddable":true,"href":"https:\/\/innocentiemangonipiante.it\/fr\/wp-json\/wp\/v2\/product_tag?post=13031"}],"curies":[{"name":"wp","href":"https:\/\/api.w.org\/{rel}","templated":true}]}}