{"id":13034,"date":"2023-11-04T01:55:02","date_gmt":"2023-11-04T00:55:02","guid":{"rendered":"http:\/\/innocentiemangonipiante.it\/melia-azedarach\/"},"modified":"2023-11-06T15:16:21","modified_gmt":"2023-11-06T14:16:21","slug":"melia-azedarach","status":"publish","type":"product","link":"https:\/\/innocentiemangonipiante.it\/fr\/melia-azedarach\/","title":{"rendered":"MELIA azedarach"},"content":{"rendered":"<p>Arbre \u00e0 feuilles caduques \u00e0 croissance rapide. Les feuilles sont penn\u00e9es avec de nombreuses folioles ov\u00e9es et elliptiques, finement dentel\u00e9es de couleur verte. \u00c0 la fin du printemps-\u00e9t\u00e9, il donne des fleurs de couleur lilas, remplac\u00e9es par des fruits jaunes. Supporte bien la chaleur.<\/p>\n","protected":false},"excerpt":{"rendered":"<p>Arbre \u00e0 feuilles caduques \u00e0 croissance rapide. Les feuilles sont penn\u00e9es avec de nombreuses folioles ov\u00e9es et elliptiques, finement dentel\u00e9es de couleur verte. \u00c0 la fin du printemps-\u00e9t\u00e9, il donne des fleurs de couleur lilas, remplac\u00e9es par des fruits jaunes. Supporte bien la chaleur.<\/p>\n","protected":false},"featured_media":4087,"template":"","meta":{"_acf_changed":false},"product_brand":[],"product_cat":[8812,9230],"product_tag":[10897,8596,8400],"class_list":{"0":"post-13034","1":"product","2":"type-product","3":"status-publish","4":"has-post-thumbnail","6":"product_cat-arbres-et-arbustes-a-feuilles-caduques","7":"product_cat-arbres-et-plantes-du-futur","8":"product_tag-naturelle","9":"product_tag-cepee","10":"product_tag-tige","11":"pa_altezza-massima-1000-fr-2","12":"pa_altezza-massima-15-metres","13":"pa_colore-fioritura-lilas","14":"pa_condizionamento-clt-fr","15":"pa_famiglia-meliaceae-fr","16":"pa_genere-melia-fr","17":"pa_origine-asie","18":"pa_periodo-fioritura-juin","19":"pa_periodo-fioritura-mai","20":"pa_periodo-fruttificazione-octobre","21":"pa_portamento-arrondi","22":"pa_profumo-delicat","23":"pa_resistenza-climatica-plantes-avec-une-faible-resistance-climatique","24":"pa_resistenza-del-suolo-resistant-aux-sols-calcaires","25":"pa_resistenza-del-suolo-resistant-aux-sols-secs","26":"pa_salinita-resistance-a-la-salinisation","27":"pa_utilizzo-parcs","29":"first","30":"instock","31":"purchasable","32":"product-type-simple"},"acf":[],"_links":{"self":[{"href":"https:\/\/innocentiemangonipiante.it\/fr\/wp-json\/wp\/v2\/product\/13034","targetHints":{"allow":["GET"]}}],"collection":[{"href":"https:\/\/innocentiemangonipiante.it\/fr\/wp-json\/wp\/v2\/product"}],"about":[{"href":"https:\/\/innocentiemangonipiante.it\/fr\/wp-json\/wp\/v2\/types\/product"}],"wp:featuredmedia":[{"embeddable":true,"href":"https:\/\/innocentiemangonipiante.it\/fr\/wp-json\/wp\/v2\/media\/4087"}],"wp:attachment":[{"href":"https:\/\/innocentiemangonipiante.it\/fr\/wp-json\/wp\/v2\/media?parent=13034"}],"wp:term":[{"taxonomy":"product_brand","embeddable":true,"href":"https:\/\/innocentiemangonipiante.it\/fr\/wp-json\/wp\/v2\/product_brand?post=13034"},{"taxonomy":"product_cat","embeddable":true,"href":"https:\/\/innocentiemangonipiante.it\/fr\/wp-json\/wp\/v2\/product_cat?post=13034"},{"taxonomy":"product_tag","embeddable":true,"href":"https:\/\/innocentiemangonipiante.it\/fr\/wp-json\/wp\/v2\/product_tag?post=13034"}],"curies":[{"name":"wp","href":"https:\/\/api.w.org\/{rel}","templated":true}]}}