{"id":13035,"date":"2023-11-04T01:55:22","date_gmt":"2023-11-04T00:55:22","guid":{"rendered":"http:\/\/innocentiemangonipiante.it\/metasequoia-glyptostroboides\/"},"modified":"2023-11-06T15:16:31","modified_gmt":"2023-11-06T14:16:31","slug":"metasequoia-glyptostroboides","status":"publish","type":"product","link":"https:\/\/innocentiemangonipiante.it\/fr\/metasequoia-glyptostroboides\/","title":{"rendered":"METASEQUOIA glyptostroboides"},"content":{"rendered":"<p>Conif\u00e8re \u00e0 feuille caduque et croissance rapide de forme conique. Les feuilles sont souples, de couleur vert-bronze en automne. L\u2019\u00e9corce est marron-orange. Donne des c\u00f4nes femelles ovo\u00efdes et des c\u00f4nes m\u00e2les sph\u00e9riques pendants de couleur marron.<\/p>\n","protected":false},"excerpt":{"rendered":"<p>Conif\u00e8re \u00e0 feuille caduque et croissance rapide de forme conique. Les feuilles sont souples, de couleur vert-bronze en automne. L\u2019\u00e9corce est marron-orange. Donne des c\u00f4nes femelles ovo\u00efdes et des c\u00f4nes m\u00e2les sph\u00e9riques pendants de couleur marron.<\/p>\n","protected":false},"featured_media":4093,"template":"","meta":{"_acf_changed":false},"product_brand":[],"product_cat":[8824,9230],"product_tag":[10897,8400],"class_list":{"0":"post-13035","1":"product","2":"type-product","3":"status-publish","4":"has-post-thumbnail","6":"product_cat-coniferes","7":"product_cat-arbres-et-plantes-du-futur","8":"product_tag-naturelle","9":"product_tag-tige","10":"pa_altezza-massima-25-metres","11":"pa_altezza-massima-35-metres","12":"pa_condizionamento-clt-fr","13":"pa_condizionamento-motte","14":"pa_famiglia-taxodiaceae-fr","15":"pa_genere-metasequoia-fr","16":"pa_inquinamento-resistance-a-la-pollution","17":"pa_origine-asie-orientale","18":"pa_portamento-piramidale-fr","19":"pa_resistenza-climatica-tres-elevee","20":"pa_resistenza-del-suolo-resistant-aux-sols-calcaires","21":"pa_utilizzo-parcs","23":"first","24":"instock","25":"purchasable","26":"product-type-simple"},"acf":[],"_links":{"self":[{"href":"https:\/\/innocentiemangonipiante.it\/fr\/wp-json\/wp\/v2\/product\/13035","targetHints":{"allow":["GET"]}}],"collection":[{"href":"https:\/\/innocentiemangonipiante.it\/fr\/wp-json\/wp\/v2\/product"}],"about":[{"href":"https:\/\/innocentiemangonipiante.it\/fr\/wp-json\/wp\/v2\/types\/product"}],"wp:featuredmedia":[{"embeddable":true,"href":"https:\/\/innocentiemangonipiante.it\/fr\/wp-json\/wp\/v2\/media\/4093"}],"wp:attachment":[{"href":"https:\/\/innocentiemangonipiante.it\/fr\/wp-json\/wp\/v2\/media?parent=13035"}],"wp:term":[{"taxonomy":"product_brand","embeddable":true,"href":"https:\/\/innocentiemangonipiante.it\/fr\/wp-json\/wp\/v2\/product_brand?post=13035"},{"taxonomy":"product_cat","embeddable":true,"href":"https:\/\/innocentiemangonipiante.it\/fr\/wp-json\/wp\/v2\/product_cat?post=13035"},{"taxonomy":"product_tag","embeddable":true,"href":"https:\/\/innocentiemangonipiante.it\/fr\/wp-json\/wp\/v2\/product_tag?post=13035"}],"curies":[{"name":"wp","href":"https:\/\/api.w.org\/{rel}","templated":true}]}}